{"id":4417,"date":"2024-08-28T11:53:39","date_gmt":"2024-08-28T11:53:39","guid":{"rendered":"https:\/\/www.plaque-calage.fr\/?post_type=product&#038;p=4417"},"modified":"2024-10-11T13:55:00","modified_gmt":"2024-10-11T13:55:00","slug":"plaque-de-calage-2","status":"publish","type":"product","link":"https:\/\/www.plaque-calage.fr\/fr\/produit\/plaque-de-calage-2\/","title":{"rendered":"Plaque de calage avec poign\u00e9es"},"content":{"rendered":"<div class=\"product-availability-delivery\">\n<div class=\"product-delivery-in-stock\">\n<p>Plaque de calage carr\u00e9 en PEHD recycl\u00e9 assurant une excellente assise et stabilit\u00e9 tout en permettant de r\u00e9partir parfaitement et uniform\u00e9ment la charge au sol.<\/p>\n<ul>\n<li class=\"p1\"><span class=\"s1\">Fabriqu\u00e9es en polym\u00e8re technique incassable dans nos Ateliers de Lyon.<\/span><\/li>\n<li>Poign\u00e9es innovantes et fonctionnelles facilitant leur pr\u00e9hension<\/li>\n<\/ul>\n<p>Fabriqu\u00e9es en PEHD 100% recycl\u00e9 et recyclable, nos plaques de calage carr\u00e9 sont \u00e9cologiques, l\u00e9g\u00e8res, ergonomiques et d&#8217;une excellente maniabilit\u00e9 avec une dur\u00e9e de vie exceptionnelle, \u00e0 l&#8217;inverse des cales en bois.<\/p>\n<p>Hydrofuges et imputrescibles, elles r\u00e9sistent aux UV, aux conditions climatiques extr\u00eames (-100\u00b0 \u00e0 +80\u00b0) et aux substances agressives et chimiques.<br \/>\nNos plaques de calage\u00a0carr\u00e9\u00a0sont id\u00e9ales pour :<\/p>\n<ul>\n<li>stabiliser grues mobiles, nacelles, pompes \u00e0 b\u00e9ton, v\u00e9rins hydrauliques, etc.<\/li>\n<li>le calage de longue dur\u00e9e: conteneurs, mobil-homes, sc\u00e8nes, man\u00e8ges, etc.<\/li>\n<\/ul>\n<p>Cette plaque de calage\u00a0carr\u00e9\u00a0s\u2019adapte \u00e0 tous types de sols, m\u00eame les plus instables et in\u00e9gaux.<br \/>\nCes plaques de calage\u00a0carr\u00e9 sont toutes \u00e9quip\u00e9es de poign\u00e9es de pr\u00e9hension.<\/p>\n<p><em>Sur demande, nous proposons des patins de calage avec des dimensions et charges extr\u00eames, des traitements de surface anti-d\u00e9rapants, possibilit\u00e9 de marquage laser, couleurs sp\u00e9ciales.<br \/>\nAdressez-nous votre demande sp\u00e9cifique sur l\u2019email: <a href=\"mailto:info@plaque-calage.fr\">info@plaque-calage.fr<\/a><\/em><\/p>\n<p>&nbsp;<\/p>\n<section class=\"product-attachments\"><\/section>\n<\/div>\n<\/div>","protected":false},"excerpt":{"rendered":"<div class=\"product-availability-delivery\">\n<div class=\"product-delivery-in-stock\"><\/div>\n<\/div>\n<div class=\"product-advantage\">\n<ul>\n<li>\n<p class=\"p1\"><span class=\"s2\">Plaque<\/span> <span class=\"s2\">stabilisatrice<\/span> <span class=\"s2\">pour<\/span> <span class=\"s2\">vos<\/span> <span class=\"s2\">engins<\/span> <span class=\"s2\">de<\/span> <span class=\"s2\">levage,<\/span> <span class=\"s2\">grues,<\/span> <span class=\"s2\">camion-bras,<\/span> <span class=\"s2\">nacelles<\/span><\/p>\n<\/li>\n<li>\n<p class=\"p1\"><span class=\"s1\">Peut<\/span> <span class=\"s1\">\u00eatre<\/span> <span class=\"s1\">utilis\u00e9<\/span> <span class=\"s1\">comme<\/span> <span class=\"s1\">bastaing<\/span> <span class=\"s1\">pour<\/span> <span class=\"s1\">les<\/span> <span class=\"s1\">conteneurs,<\/span> <span class=\"s1\">mobil-homes,<\/span> <span class=\"s1\">b\u00e2timent<\/span> <span class=\"s1\">modulaire<\/span><\/p>\n<\/li>\n<li>\n<p class=\"p1\"><span class=\"s1\">Excellentes<\/span> <span class=\"s1\">cales<\/span> <span class=\"s1\">de<\/span> <span class=\"s1\">niveau<\/span> <span class=\"s1\">pour<\/span> <span class=\"s1\">machines<\/span> <span class=\"s1\">industrielles,<\/span> <span class=\"s1\">meubles<\/span> <span class=\"s1\">lourds,<\/span> <span class=\"s1\">am\u00e9nagement<\/span> <span class=\"s1\">int\u00e9rieur,<\/span> <span class=\"s1\">sc\u00e8nes<\/span><\/p>\n<\/li>\n<li>\n<p class=\"p1\"><span class=\"s1\">En<\/span> <span class=\"s1\">PEHD<\/span> <span class=\"s1\">recycl\u00e9<\/span> <span class=\"s1\">issu<\/span> <span class=\"s1\">de<\/span> <span class=\"s1\">l\u2019\u00e9conomie<\/span> <span class=\"s1\">circulaire,<\/span> <span class=\"s1\">incassable,<\/span> <span class=\"s1\">hydrofuge,<\/span> <span class=\"s1\">imputrescible<\/span> <span class=\"s1\">et<\/span> <span class=\"s1\">fabriqu\u00e9<\/span> <span class=\"s1\">en<\/span> <span class=\"s1\">France<\/span><\/p>\n<\/li>\n<li>\n<p class=\"p1\"><span class=\"s1\">S\u2019adapte<\/span> <span class=\"s1\">m\u00eame<\/span> <span class=\"s1\">au<\/span> <span class=\"s1\">sols<\/span> <span class=\"s1\">meubles,<\/span> <span class=\"s1\">performance,<\/span> <span class=\"s1\">dur\u00e9e<\/span> <span class=\"s1\">de<\/span> <span class=\"s1\">vie<\/span> <span class=\"s1\">et<\/span> <span class=\"s1\">s\u00e9curit\u00e9<\/span> <span class=\"s1\">d\u2019utilisation<\/span> <span class=\"s1\">incomparable<\/span> <span class=\"s1\">avec<\/span> <span class=\"s1\">le<\/span> <span class=\"s1\">bois.<\/span><\/p>\n<\/li>\n<li>\n<p class=\"p1\"><span class=\"s1\">Temp\u00e9rature<\/span> <span class=\"s1\">d\u2019utilisation<\/span> <span class=\"s1\">&#8211;<\/span><span class=\"s2\">100<\/span><span class=\"s1\">\u00b0C<\/span> <span class=\"s1\">\/<\/span> <span class=\"s1\">+<\/span><span class=\"s2\">80<\/span><span class=\"s1\">\u00b0C<\/span><\/p>\n<\/li>\n<\/ul>\n<\/div>","protected":false},"featured_media":4444,"menu_order":0,"template":"","meta":[],"product_brand":[],"product_cat":[53],"product_tag":[],"class_list":{"0":"post-4417","1":"product","2":"type-product","3":"status-publish","4":"has-post-thumbnail","6":"product_cat-plaque-de-calage","7":"tm-has-options","9":"first","10":"instock","11":"taxable","12":"shipping-taxable","13":"purchasable","14":"product-type-simple"},"_links":{"self":[{"href":"https:\/\/www.plaque-calage.fr\/fr\/wp-json\/wp\/v2\/product\/4417","targetHints":{"allow":["GET"]}}],"collection":[{"href":"https:\/\/www.plaque-calage.fr\/fr\/wp-json\/wp\/v2\/product"}],"about":[{"href":"https:\/\/www.plaque-calage.fr\/fr\/wp-json\/wp\/v2\/types\/product"}],"wp:featuredmedia":[{"embeddable":true,"href":"https:\/\/www.plaque-calage.fr\/fr\/wp-json\/wp\/v2\/media\/4444"}],"wp:attachment":[{"href":"https:\/\/www.plaque-calage.fr\/fr\/wp-json\/wp\/v2\/media?parent=4417"}],"wp:term":[{"taxonomy":"product_brand","embeddable":true,"href":"https:\/\/www.plaque-calage.fr\/fr\/wp-json\/wp\/v2\/product_brand?post=4417"},{"taxonomy":"product_cat","embeddable":true,"href":"https:\/\/www.plaque-calage.fr\/fr\/wp-json\/wp\/v2\/product_cat?post=4417"},{"taxonomy":"product_tag","embeddable":true,"href":"https:\/\/www.plaque-calage.fr\/fr\/wp-json\/wp\/v2\/product_tag?post=4417"}],"curies":[{"name":"wp","href":"https:\/\/api.w.org\/{rel}","templated":true}]}}