{"id":88,"date":"2023-02-06T08:23:44","date_gmt":"2023-02-06T08:23:44","guid":{"rendered":"https:\/\/radiustheme.com\/demo\/wordpress\/themes\/faktorie\/?page_id=88"},"modified":"2025-11-26T08:41:36","modified_gmt":"2025-11-26T08:41:36","slug":"qui-nous-sommes","status":"publish","type":"page","link":"https:\/\/www.plaque-calage.fr\/fr\/qui-nous-sommes\/","title":{"rendered":"Qui nous sommes"},"content":{"rendered":"<div data-elementor-type=\"wp-page\" data-elementor-id=\"88\" class=\"elementor elementor-88\">\n\t\t\t\t\t\t<section class=\"elementor-section elementor-top-section elementor-element elementor-element-afd4382 elementor-section-boxed elementor-section-height-default elementor-section-height-default rt-parallax-bg-no\" data-id=\"afd4382\" data-element_type=\"section\">\n\t\t\t\t\t\t<div class=\"elementor-container elementor-column-gap-default\">\n\t\t\t\t\t<div class=\"elementor-column elementor-col-50 elementor-top-column elementor-element elementor-element-75053d4 elementor-invisible\" data-id=\"75053d4\" data-element_type=\"column\" data-settings=\"{&quot;animation&quot;:&quot;fadeInLeft&quot;}\">\n\t\t\t<div class=\"elementor-widget-wrap elementor-element-populated\">\n\t\t\t\t\t\t<div class=\"elementor-element elementor-element-7048e59 elementor-invisible elementor-widget elementor-widget-rt-title-with-text\" data-id=\"7048e59\" data-element_type=\"widget\" data-widget_type=\"rt-title-with-text.default\">\n\t\t\t\t<div class=\"elementor-widget-container\">\n\t\t\t<div class=\"rt-title-text has-animation title-text-style1\">\n\t\t\t<div class=\"entry-subtitle hide fadeInUp\" data-wow-delay=\"0.2s\" data-wow-duration=\"1.2s\">PLAQUE CALAGE<span class=\"line\"><\/span><\/div>\n\t\t\t\t<h4 class=\"entry-title hide fadeInUp\" data-wow-delay=\"0.4s\" data-wow-duration=\"1.2s\">Fabricants Fran\u00e7ais de solutions de calage<\/h4>\t\t\n\t\t\n\t<div class=\"entry-content hide fadeInUp\" data-wow-delay=\"0.6s\" data-wow-duration=\"1.2s\"><p class=\"p1\"><span class=\"s1\">Implant\u00e9s en r\u00e9gion lyonnaise et forts d\u2019un stock de plusieurs dizaines de tonnes et d\u2019un parc machine moderne, nous sommes experts dans la transformation des polym\u00e8res techniques.<\/span><\/p><p class=\"p1\"><span class=\"s1\">Nous pouvons ainsi vous proposer des cales en PEHD d\u2019une qualit\u00e9 sup\u00e9rieure avec un d\u00e9lai court et des conditions tarifaires direct fabricant.<\/span><\/p><p class=\"p1\"><span class=\"s1\">Nos<span class=\"Apple-converted-space\">\u00a0 <\/span>connaissances dans ce type de nuances nous ont permis de d\u00e9velopper des mod\u00e8les efficaces, robustes, ergonomiques et abordables.<\/span><\/p><p class=\"p1\"><span class=\"s1\">Rendez-vous sur notre boutique en ligne pour choisir le mod\u00e8le adapt\u00e9 \u00e0 votre probl\u00e9matique de calage.<\/span><\/p><\/div>\n\n\t<\/div>\t\t<\/div>\n\t\t\t\t<\/div>\n\t\t\t\t<div class=\"elementor-element elementor-element-400f70a elementor-invisible elementor-widget elementor-widget-rt-button\" data-id=\"400f70a\" data-element_type=\"widget\" data-widget_type=\"rt-button.default\">\n\t\t\t\t<div class=\"elementor-widget-container\">\n\t\t\t<div class=\"rt-button hide fadeInUp\" data-wow-delay=\"0.2s\" data-wow-duration=\"1.2s\">\n\t\t\t<a class=\"button-link button-style-2\" href=\"https:\/\/www.plaque-calage.fr\/fr\/boutique-en-ligne\/\">\n                        <span class=\"button-text button-text-right\">Shop Online<\/span>\n                        <span class=\"icon icon-right\"><i class=\"icon-faktorie-right-arrow\"><\/i><\/span>\n                    <\/a>\n\t<\/div>\t\t<\/div>\n\t\t\t\t<\/div>\n\t\t\t\t<div class=\"elementor-element elementor-element-21bc3d7 elementor-invisible elementor-widget elementor-widget-rt-button\" data-id=\"21bc3d7\" data-element_type=\"widget\" data-widget_type=\"rt-button.default\">\n\t\t\t\t<div class=\"elementor-widget-container\">\n\t\t\t<div class=\"rt-button hide fadeInUp\" data-wow-delay=\"0.2s\" data-wow-duration=\"1.2s\">\n\t\t\t<a class=\"button-link button-style-2\" href=\"https:\/\/www.poly-service.fr\/\" target=\"_blank\">\n                        <span class=\"button-text button-text-right\">Visitez le site Web de Poly-Service<\/span>\n                        <span class=\"icon icon-right\"><i class=\"icon-faktorie-right-arrow\"><\/i><\/span>\n                    <\/a>\n\t<\/div>\t\t<\/div>\n\t\t\t\t<\/div>\n\t\t\t\t\t<\/div>\n\t\t<\/div>\n\t\t\t\t<div class=\"elementor-column elementor-col-50 elementor-top-column elementor-element elementor-element-6d7447d elementor-invisible\" data-id=\"6d7447d\" data-element_type=\"column\" data-settings=\"{&quot;animation&quot;:&quot;fadeInRight&quot;}\">\n\t\t\t<div class=\"elementor-widget-wrap elementor-element-populated\">\n\t\t\t\t\t\t<div class=\"elementor-element elementor-element-934bd18 responsive-image-fit elementor-widget elementor-widget-image\" data-id=\"934bd18\" data-element_type=\"widget\" data-widget_type=\"image.default\">\n\t\t\t\t<div class=\"elementor-widget-container\">\n\t\t\t<style>\/*! elementor - v3.21.0 - 18-04-2024 *\/\n.elementor-widget-image{text-align:center}.elementor-widget-image a{display:inline-block}.elementor-widget-image a img[src$=\".svg\"]{width:48px}.elementor-widget-image img{vertical-align:middle;display:inline-block}<\/style>\t\t\t\t\t\t\t\t\t\t<img fetchpriority=\"high\" decoding=\"async\" width=\"800\" height=\"800\" src=\"https:\/\/www.plaque-calage.fr\/wp-content\/uploads\/2025\/06\/Pedana.jpg\" class=\"attachment-full size-full wp-image-4634\" alt=\"\" srcset=\"https:\/\/www.plaque-calage.fr\/wp-content\/uploads\/2025\/06\/Pedana.jpg 800w, https:\/\/www.plaque-calage.fr\/wp-content\/uploads\/2025\/06\/Pedana-300x300.jpg 300w, https:\/\/www.plaque-calage.fr\/wp-content\/uploads\/2025\/06\/Pedana-150x150.jpg 150w, https:\/\/www.plaque-calage.fr\/wp-content\/uploads\/2025\/06\/Pedana-768x768.jpg 768w, https:\/\/www.plaque-calage.fr\/wp-content\/uploads\/2025\/06\/Pedana-12x12.jpg 12w, https:\/\/www.plaque-calage.fr\/wp-content\/uploads\/2025\/06\/Pedana-480x480.jpg 480w, https:\/\/www.plaque-calage.fr\/wp-content\/uploads\/2025\/06\/Pedana-600x600.jpg 600w, https:\/\/www.plaque-calage.fr\/wp-content\/uploads\/2025\/06\/Pedana-100x100.jpg 100w\" sizes=\"(max-width: 800px) 100vw, 800px\" \/>\t\t\t\t\t\t\t\t\t\t\t\t\t<\/div>\n\t\t\t\t<\/div>\n\t\t\t\t\t<\/div>\n\t\t<\/div>\n\t\t\t\t\t<\/div>\n\t\t<\/section>\n\t\t<div class=\"elementor-element elementor-element-8f5a941 e-flex e-con-boxed e-con e-parent\" data-id=\"8f5a941\" data-element_type=\"container\">\n\t\t\t\t\t<div class=\"e-con-inner\">\n\t\t\t\t<div class=\"elementor-element elementor-element-910f6e8 gallery-spacing-custom elementor-widget elementor-widget-image-gallery\" data-id=\"910f6e8\" data-element_type=\"widget\" data-widget_type=\"image-gallery.default\">\n\t\t\t\t<div class=\"elementor-widget-container\">\n\t\t\t<style>\/*! elementor - v3.21.0 - 18-04-2024 *\/\n.elementor-image-gallery .gallery-item{display:inline-block;text-align:center;vertical-align:top;width:100%;max-width:100%;margin:0 auto}.elementor-image-gallery .gallery-item img{margin:0 auto}.elementor-image-gallery .gallery-item .gallery-caption{margin:0}.elementor-image-gallery figure img{display:block}.elementor-image-gallery figure figcaption{width:100%}.gallery-spacing-custom .elementor-image-gallery .gallery-icon{padding:0}@media (min-width:768px){.elementor-image-gallery .gallery-columns-2 .gallery-item{max-width:50%}.elementor-image-gallery .gallery-columns-3 .gallery-item{max-width:33.33%}.elementor-image-gallery .gallery-columns-4 .gallery-item{max-width:25%}.elementor-image-gallery .gallery-columns-5 .gallery-item{max-width:20%}.elementor-image-gallery .gallery-columns-6 .gallery-item{max-width:16.666%}.elementor-image-gallery .gallery-columns-7 .gallery-item{max-width:14.28%}.elementor-image-gallery .gallery-columns-8 .gallery-item{max-width:12.5%}.elementor-image-gallery .gallery-columns-9 .gallery-item{max-width:11.11%}.elementor-image-gallery .gallery-columns-10 .gallery-item{max-width:10%}}@media (min-width:480px) and (max-width:767px){.elementor-image-gallery .gallery.gallery-columns-2 .gallery-item,.elementor-image-gallery .gallery.gallery-columns-3 .gallery-item,.elementor-image-gallery .gallery.gallery-columns-4 .gallery-item,.elementor-image-gallery .gallery.gallery-columns-5 .gallery-item,.elementor-image-gallery .gallery.gallery-columns-6 .gallery-item,.elementor-image-gallery .gallery.gallery-columns-7 .gallery-item,.elementor-image-gallery .gallery.gallery-columns-8 .gallery-item,.elementor-image-gallery .gallery.gallery-columns-9 .gallery-item,.elementor-image-gallery .gallery.gallery-columns-10 .gallery-item{max-width:50%}}@media (max-width:479px){.elementor-image-gallery .gallery.gallery-columns-2 .gallery-item,.elementor-image-gallery .gallery.gallery-columns-3 .gallery-item,.elementor-image-gallery .gallery.gallery-columns-4 .gallery-item,.elementor-image-gallery .gallery.gallery-columns-5 .gallery-item,.elementor-image-gallery .gallery.gallery-columns-6 .gallery-item,.elementor-image-gallery .gallery.gallery-columns-7 .gallery-item,.elementor-image-gallery .gallery.gallery-columns-8 .gallery-item,.elementor-image-gallery .gallery.gallery-columns-9 .gallery-item,.elementor-image-gallery .gallery.gallery-columns-10 .gallery-item{max-width:100%}}<\/style>\t\t<div class=\"elementor-image-gallery\">\n\t\t\t<div id='gallery-1' class='gallery galleryid-88 gallery-columns-3 gallery-size-full'><figure class='gallery-item'>\n\t\t\t<div class='gallery-icon landscape'>\n\t\t\t\t<a data-elementor-open-lightbox=\"yes\" data-elementor-lightbox-slideshow=\"910f6e8\" data-elementor-lightbox-title=\"Chi siamo1\" data-e-action-hash=\"#elementor-action%3Aaction%3Dlightbox%26settings%3DeyJpZCI6NDYzNSwidXJsIjoiaHR0cHM6XC9cL3d3dy5wbGFxdWUtY2FsYWdlLmZyXC93cC1jb250ZW50XC91cGxvYWRzXC8yMDI1XC8wNlwvQ2hpLXNpYW1vMS5qcGciLCJzbGlkZXNob3ciOiI5MTBmNmU4In0%3D\" href='https:\/\/www.plaque-calage.fr\/wp-content\/uploads\/2025\/06\/Chi-siamo1.jpg'><img decoding=\"async\" width=\"800\" height=\"800\" src=\"https:\/\/www.plaque-calage.fr\/wp-content\/uploads\/2025\/06\/Chi-siamo1.jpg\" class=\"attachment-full size-full\" alt=\"\" srcset=\"https:\/\/www.plaque-calage.fr\/wp-content\/uploads\/2025\/06\/Chi-siamo1.jpg 800w, https:\/\/www.plaque-calage.fr\/wp-content\/uploads\/2025\/06\/Chi-siamo1-300x300.jpg 300w, https:\/\/www.plaque-calage.fr\/wp-content\/uploads\/2025\/06\/Chi-siamo1-150x150.jpg 150w, https:\/\/www.plaque-calage.fr\/wp-content\/uploads\/2025\/06\/Chi-siamo1-768x768.jpg 768w, https:\/\/www.plaque-calage.fr\/wp-content\/uploads\/2025\/06\/Chi-siamo1-12x12.jpg 12w, https:\/\/www.plaque-calage.fr\/wp-content\/uploads\/2025\/06\/Chi-siamo1-480x480.jpg 480w, https:\/\/www.plaque-calage.fr\/wp-content\/uploads\/2025\/06\/Chi-siamo1-600x600.jpg 600w, https:\/\/www.plaque-calage.fr\/wp-content\/uploads\/2025\/06\/Chi-siamo1-100x100.jpg 100w\" sizes=\"(max-width: 800px) 100vw, 800px\" \/><\/a>\n\t\t\t<\/div><\/figure><figure class='gallery-item'>\n\t\t\t<div class='gallery-icon landscape'>\n\t\t\t\t<a data-elementor-open-lightbox=\"yes\" data-elementor-lightbox-slideshow=\"910f6e8\" data-elementor-lightbox-title=\"Chi siamo 2 (1)\" data-e-action-hash=\"#elementor-action%3Aaction%3Dlightbox%26settings%3DeyJpZCI6NDYzNiwidXJsIjoiaHR0cHM6XC9cL3d3dy5wbGFxdWUtY2FsYWdlLmZyXC93cC1jb250ZW50XC91cGxvYWRzXC8yMDI1XC8wNlwvQ2hpLXNpYW1vLTItMS5qcGciLCJzbGlkZXNob3ciOiI5MTBmNmU4In0%3D\" href='https:\/\/www.plaque-calage.fr\/wp-content\/uploads\/2025\/06\/Chi-siamo-2-1.jpg'><img decoding=\"async\" width=\"800\" height=\"800\" src=\"https:\/\/www.plaque-calage.fr\/wp-content\/uploads\/2025\/06\/Chi-siamo-2-1.jpg\" class=\"attachment-full size-full\" alt=\"\" srcset=\"https:\/\/www.plaque-calage.fr\/wp-content\/uploads\/2025\/06\/Chi-siamo-2-1.jpg 800w, https:\/\/www.plaque-calage.fr\/wp-content\/uploads\/2025\/06\/Chi-siamo-2-1-300x300.jpg 300w, https:\/\/www.plaque-calage.fr\/wp-content\/uploads\/2025\/06\/Chi-siamo-2-1-150x150.jpg 150w, https:\/\/www.plaque-calage.fr\/wp-content\/uploads\/2025\/06\/Chi-siamo-2-1-768x768.jpg 768w, https:\/\/www.plaque-calage.fr\/wp-content\/uploads\/2025\/06\/Chi-siamo-2-1-12x12.jpg 12w, https:\/\/www.plaque-calage.fr\/wp-content\/uploads\/2025\/06\/Chi-siamo-2-1-480x480.jpg 480w, https:\/\/www.plaque-calage.fr\/wp-content\/uploads\/2025\/06\/Chi-siamo-2-1-600x600.jpg 600w, https:\/\/www.plaque-calage.fr\/wp-content\/uploads\/2025\/06\/Chi-siamo-2-1-100x100.jpg 100w\" sizes=\"(max-width: 800px) 100vw, 800px\" \/><\/a>\n\t\t\t<\/div><\/figure><figure class='gallery-item'>\n\t\t\t<div class='gallery-icon landscape'>\n\t\t\t\t<a data-elementor-open-lightbox=\"yes\" data-elementor-lightbox-slideshow=\"910f6e8\" data-elementor-lightbox-title=\"Chi siamo3\" data-e-action-hash=\"#elementor-action%3Aaction%3Dlightbox%26settings%3DeyJpZCI6NDYzNywidXJsIjoiaHR0cHM6XC9cL3d3dy5wbGFxdWUtY2FsYWdlLmZyXC93cC1jb250ZW50XC91cGxvYWRzXC8yMDI1XC8wNlwvQ2hpLXNpYW1vMy5qcGciLCJzbGlkZXNob3ciOiI5MTBmNmU4In0%3D\" href='https:\/\/www.plaque-calage.fr\/wp-content\/uploads\/2025\/06\/Chi-siamo3.jpg'><img loading=\"lazy\" decoding=\"async\" width=\"800\" height=\"800\" src=\"https:\/\/www.plaque-calage.fr\/wp-content\/uploads\/2025\/06\/Chi-siamo3.jpg\" class=\"attachment-full size-full\" alt=\"\" srcset=\"https:\/\/www.plaque-calage.fr\/wp-content\/uploads\/2025\/06\/Chi-siamo3.jpg 800w, https:\/\/www.plaque-calage.fr\/wp-content\/uploads\/2025\/06\/Chi-siamo3-300x300.jpg 300w, https:\/\/www.plaque-calage.fr\/wp-content\/uploads\/2025\/06\/Chi-siamo3-150x150.jpg 150w, https:\/\/www.plaque-calage.fr\/wp-content\/uploads\/2025\/06\/Chi-siamo3-768x768.jpg 768w, https:\/\/www.plaque-calage.fr\/wp-content\/uploads\/2025\/06\/Chi-siamo3-12x12.jpg 12w, https:\/\/www.plaque-calage.fr\/wp-content\/uploads\/2025\/06\/Chi-siamo3-480x480.jpg 480w, https:\/\/www.plaque-calage.fr\/wp-content\/uploads\/2025\/06\/Chi-siamo3-600x600.jpg 600w, https:\/\/www.plaque-calage.fr\/wp-content\/uploads\/2025\/06\/Chi-siamo3-100x100.jpg 100w\" sizes=\"(max-width: 800px) 100vw, 800px\" \/><\/a>\n\t\t\t<\/div><\/figure><figure class='gallery-item'>\n\t\t\t<div class='gallery-icon landscape'>\n\t\t\t\t<a data-elementor-open-lightbox=\"yes\" data-elementor-lightbox-slideshow=\"910f6e8\" data-elementor-lightbox-title=\"Plaque 1\" data-e-action-hash=\"#elementor-action%3Aaction%3Dlightbox%26settings%3DeyJpZCI6NDY2NSwidXJsIjoiaHR0cHM6XC9cL3d3dy5wbGFxdWUtY2FsYWdlLmZyXC93cC1jb250ZW50XC91cGxvYWRzXC8yMDI1XC8xMVwvUGxhcXVlLTEuanBnIiwic2xpZGVzaG93IjoiOTEwZjZlOCJ9\" href='https:\/\/www.plaque-calage.fr\/wp-content\/uploads\/2025\/11\/Plaque-1.jpg'><img loading=\"lazy\" decoding=\"async\" width=\"800\" height=\"800\" src=\"https:\/\/www.plaque-calage.fr\/wp-content\/uploads\/2025\/11\/Plaque-1.jpg\" class=\"attachment-full size-full\" alt=\"\" srcset=\"https:\/\/www.plaque-calage.fr\/wp-content\/uploads\/2025\/11\/Plaque-1.jpg 800w, https:\/\/www.plaque-calage.fr\/wp-content\/uploads\/2025\/11\/Plaque-1-300x300.jpg 300w, https:\/\/www.plaque-calage.fr\/wp-content\/uploads\/2025\/11\/Plaque-1-150x150.jpg 150w, https:\/\/www.plaque-calage.fr\/wp-content\/uploads\/2025\/11\/Plaque-1-768x768.jpg 768w, https:\/\/www.plaque-calage.fr\/wp-content\/uploads\/2025\/11\/Plaque-1-12x12.jpg 12w, https:\/\/www.plaque-calage.fr\/wp-content\/uploads\/2025\/11\/Plaque-1-480x480.jpg 480w, https:\/\/www.plaque-calage.fr\/wp-content\/uploads\/2025\/11\/Plaque-1-600x600.jpg 600w, https:\/\/www.plaque-calage.fr\/wp-content\/uploads\/2025\/11\/Plaque-1-100x100.jpg 100w\" sizes=\"(max-width: 800px) 100vw, 800px\" \/><\/a>\n\t\t\t<\/div><\/figure><figure class='gallery-item'>\n\t\t\t<div class='gallery-icon landscape'>\n\t\t\t\t<a data-elementor-open-lightbox=\"yes\" data-elementor-lightbox-slideshow=\"910f6e8\" data-elementor-lightbox-title=\"Plaque 3\" data-e-action-hash=\"#elementor-action%3Aaction%3Dlightbox%26settings%3DeyJpZCI6NDY2NywidXJsIjoiaHR0cHM6XC9cL3d3dy5wbGFxdWUtY2FsYWdlLmZyXC93cC1jb250ZW50XC91cGxvYWRzXC8yMDI1XC8xMVwvUGxhcXVlLTMuanBnIiwic2xpZGVzaG93IjoiOTEwZjZlOCJ9\" href='https:\/\/www.plaque-calage.fr\/wp-content\/uploads\/2025\/11\/Plaque-3.jpg'><img loading=\"lazy\" decoding=\"async\" width=\"800\" height=\"800\" src=\"https:\/\/www.plaque-calage.fr\/wp-content\/uploads\/2025\/11\/Plaque-3.jpg\" class=\"attachment-full size-full\" alt=\"\" srcset=\"https:\/\/www.plaque-calage.fr\/wp-content\/uploads\/2025\/11\/Plaque-3.jpg 800w, https:\/\/www.plaque-calage.fr\/wp-content\/uploads\/2025\/11\/Plaque-3-300x300.jpg 300w, https:\/\/www.plaque-calage.fr\/wp-content\/uploads\/2025\/11\/Plaque-3-150x150.jpg 150w, https:\/\/www.plaque-calage.fr\/wp-content\/uploads\/2025\/11\/Plaque-3-768x768.jpg 768w, https:\/\/www.plaque-calage.fr\/wp-content\/uploads\/2025\/11\/Plaque-3-12x12.jpg 12w, https:\/\/www.plaque-calage.fr\/wp-content\/uploads\/2025\/11\/Plaque-3-480x480.jpg 480w, https:\/\/www.plaque-calage.fr\/wp-content\/uploads\/2025\/11\/Plaque-3-600x600.jpg 600w, https:\/\/www.plaque-calage.fr\/wp-content\/uploads\/2025\/11\/Plaque-3-100x100.jpg 100w\" sizes=\"(max-width: 800px) 100vw, 800px\" \/><\/a>\n\t\t\t<\/div><\/figure><figure class='gallery-item'>\n\t\t\t<div class='gallery-icon landscape'>\n\t\t\t\t<a data-elementor-open-lightbox=\"yes\" data-elementor-lightbox-slideshow=\"910f6e8\" data-elementor-lightbox-title=\"Plaque 3 (1)\" data-e-action-hash=\"#elementor-action%3Aaction%3Dlightbox%26settings%3DeyJpZCI6NDY2OCwidXJsIjoiaHR0cHM6XC9cL3d3dy5wbGFxdWUtY2FsYWdlLmZyXC93cC1jb250ZW50XC91cGxvYWRzXC8yMDI1XC8xMVwvUGxhcXVlLTMtMS5qcGciLCJzbGlkZXNob3ciOiI5MTBmNmU4In0%3D\" href='https:\/\/www.plaque-calage.fr\/wp-content\/uploads\/2025\/11\/Plaque-3-1.jpg'><img loading=\"lazy\" decoding=\"async\" width=\"800\" height=\"800\" src=\"https:\/\/www.plaque-calage.fr\/wp-content\/uploads\/2025\/11\/Plaque-3-1.jpg\" class=\"attachment-full size-full\" alt=\"\" srcset=\"https:\/\/www.plaque-calage.fr\/wp-content\/uploads\/2025\/11\/Plaque-3-1.jpg 800w, https:\/\/www.plaque-calage.fr\/wp-content\/uploads\/2025\/11\/Plaque-3-1-300x300.jpg 300w, https:\/\/www.plaque-calage.fr\/wp-content\/uploads\/2025\/11\/Plaque-3-1-150x150.jpg 150w, https:\/\/www.plaque-calage.fr\/wp-content\/uploads\/2025\/11\/Plaque-3-1-768x768.jpg 768w, https:\/\/www.plaque-calage.fr\/wp-content\/uploads\/2025\/11\/Plaque-3-1-12x12.jpg 12w, https:\/\/www.plaque-calage.fr\/wp-content\/uploads\/2025\/11\/Plaque-3-1-480x480.jpg 480w, https:\/\/www.plaque-calage.fr\/wp-content\/uploads\/2025\/11\/Plaque-3-1-600x600.jpg 600w, https:\/\/www.plaque-calage.fr\/wp-content\/uploads\/2025\/11\/Plaque-3-1-100x100.jpg 100w\" sizes=\"(max-width: 800px) 100vw, 800px\" \/><\/a>\n\t\t\t<\/div><\/figure>\n\t\t<\/div>\n\t\t<\/div>\n\t\t\t\t<\/div>\n\t\t\t\t<\/div>\n\t\t\t\t\t<\/div>\n\t\t\t\t<\/div>\n\t\t\t\t<\/div>","protected":false},"excerpt":{"rendered":"<p>PLAQUE CALAGE Fabricants Fran\u00e7ais de solutions de calage Implant\u00e9s en r\u00e9gion lyonnaise et forts d\u2019un stock de plusieurs dizaines de tonnes et d\u2019un parc machine moderne, nous sommes experts dans la transformation des polym\u00e8res techniques. Nous pouvons ainsi vous proposer des cales en PEHD d\u2019une qualit\u00e9 sup\u00e9rieure avec un d\u00e9lai court et des conditions tarifaires [&hellip;]<\/p>","protected":false},"author":1,"featured_media":0,"parent":0,"menu_order":0,"comment_status":"closed","ping_status":"closed","template":"elementor_header_footer","meta":{"footnotes":""},"class_list":["post-88","page","type-page","status-publish","hentry"],"_links":{"self":[{"href":"https:\/\/www.plaque-calage.fr\/fr\/wp-json\/wp\/v2\/pages\/88","targetHints":{"allow":["GET"]}}],"collection":[{"href":"https:\/\/www.plaque-calage.fr\/fr\/wp-json\/wp\/v2\/pages"}],"about":[{"href":"https:\/\/www.plaque-calage.fr\/fr\/wp-json\/wp\/v2\/types\/page"}],"author":[{"embeddable":true,"href":"https:\/\/www.plaque-calage.fr\/fr\/wp-json\/wp\/v2\/users\/1"}],"replies":[{"embeddable":true,"href":"https:\/\/www.plaque-calage.fr\/fr\/wp-json\/wp\/v2\/comments?post=88"}],"version-history":[{"count":27,"href":"https:\/\/www.plaque-calage.fr\/fr\/wp-json\/wp\/v2\/pages\/88\/revisions"}],"predecessor-version":[{"id":4671,"href":"https:\/\/www.plaque-calage.fr\/fr\/wp-json\/wp\/v2\/pages\/88\/revisions\/4671"}],"wp:attachment":[{"href":"https:\/\/www.plaque-calage.fr\/fr\/wp-json\/wp\/v2\/media?parent=88"}],"curies":[{"name":"wp","href":"https:\/\/api.w.org\/{rel}","templated":true}]}}