{"id":637,"date":"2023-02-08T06:23:28","date_gmt":"2023-02-08T06:23:28","guid":{"rendered":"https:\/\/radiustheme.com\/demo\/wordpress\/themes\/faktorie\/?page_id=637"},"modified":"2024-10-10T13:11:34","modified_gmt":"2024-10-10T13:11:34","slug":"boutique-en-ligne","status":"publish","type":"page","link":"https:\/\/www.plaque-calage.fr\/fr\/boutique-en-ligne\/","title":{"rendered":"Boutique en ligne"},"content":{"rendered":"<div data-elementor-type=\"wp-page\" data-elementor-id=\"637\" class=\"elementor elementor-637\">\n\t\t\t\t<div class=\"elementor-element elementor-element-e439eff e-flex e-con-boxed e-con e-parent\" data-id=\"e439eff\" data-element_type=\"container\">\n\t\t\t\t\t<div class=\"e-con-inner\">\n\t\t<div class=\"elementor-element elementor-element-5bfb44c e-con-full e-flex e-con e-child\" data-id=\"5bfb44c\" data-element_type=\"container\">\n\t\t\t\t<div class=\"elementor-element elementor-element-8007f64 elementor-widget elementor-widget-image\" data-id=\"8007f64\" data-element_type=\"widget\" data-widget_type=\"image.default\">\n\t\t\t\t<div class=\"elementor-widget-container\">\n\t\t\t<style>\/*! elementor - v3.21.0 - 18-04-2024 *\/\n.elementor-widget-image{text-align:center}.elementor-widget-image a{display:inline-block}.elementor-widget-image a img[src$=\".svg\"]{width:48px}.elementor-widget-image img{vertical-align:middle;display:inline-block}<\/style>\t\t\t\t\t\t\t\t\t\t\t<a href=\"https:\/\/www.plaque-calage.fr\/fr\/produit\/plaque-de-calage\/\">\n\t\t\t\t\t\t\t<img fetchpriority=\"high\" decoding=\"async\" width=\"800\" height=\"800\" src=\"https:\/\/www.plaque-calage.fr\/wp-content\/uploads\/2023\/02\/frontesenzadef.jpg\" class=\"attachment-large size-large wp-image-4415\" alt=\"\" srcset=\"https:\/\/www.plaque-calage.fr\/wp-content\/uploads\/2023\/02\/frontesenzadef.jpg 800w, https:\/\/www.plaque-calage.fr\/wp-content\/uploads\/2023\/02\/frontesenzadef-300x300.jpg 300w, https:\/\/www.plaque-calage.fr\/wp-content\/uploads\/2023\/02\/frontesenzadef-150x150.jpg 150w, https:\/\/www.plaque-calage.fr\/wp-content\/uploads\/2023\/02\/frontesenzadef-768x768.jpg 768w, https:\/\/www.plaque-calage.fr\/wp-content\/uploads\/2023\/02\/frontesenzadef-480x480.jpg 480w, https:\/\/www.plaque-calage.fr\/wp-content\/uploads\/2023\/02\/frontesenzadef-600x600.jpg 600w, https:\/\/www.plaque-calage.fr\/wp-content\/uploads\/2023\/02\/frontesenzadef-100x100.jpg 100w\" sizes=\"(max-width: 800px) 100vw, 800px\" \/>\t\t\t\t\t\t\t\t<\/a>\n\t\t\t\t\t\t\t\t\t\t\t\t\t<\/div>\n\t\t\t\t<\/div>\n\t\t\t\t<div class=\"elementor-element elementor-element-4aa96ed elementor-invisible elementor-widget elementor-widget-rt-title-with-text\" data-id=\"4aa96ed\" data-element_type=\"widget\" data-widget_type=\"rt-title-with-text.default\">\n\t\t\t\t<div class=\"elementor-widget-container\">\n\t\t\t<div class=\"rt-title-text has-animation title-text-style1\">\n\t\t\t\t<h3 class=\"entry-title hide fadeInUp\" data-wow-delay=\"0.4s\" data-wow-duration=\"1.2s\">Plaque de calage<\/h3>\t\t\n\t\t\n\t<div class=\"entry-content hide fadeInUp\" data-wow-delay=\"0.6s\" data-wow-duration=\"1.2s\"><p>Plaque de calage carr\u00e9 en PEHD recycl\u00e9 assurant une excellente assise et stabilit\u00e9 tout en permettant de r\u00e9partir parfaitement et uniform\u00e9ment la charge au sol.<\/p><\/div>\n\n\t<\/div>\t\t<\/div>\n\t\t\t\t<\/div>\n\t\t\t\t<div class=\"elementor-element elementor-element-6bbeadf elementor-invisible elementor-widget elementor-widget-rt-button\" data-id=\"6bbeadf\" data-element_type=\"widget\" data-widget_type=\"rt-button.default\">\n\t\t\t\t<div class=\"elementor-widget-container\">\n\t\t\t<div class=\"rt-button hide fadeInUp\" data-wow-delay=\"0.2s\" data-wow-duration=\"1.2s\">\n\t\t\t<a class=\"button-link button-style-2\" href=\"https:\/\/www.plaque-calage.fr\/fr\/produit\/plaque-de-calage\/\">\n                        <span class=\"icon icon-left\"><\/span>\n                        <span class=\"button-text button-text-left\">Acheter maintenant<\/span>\n                    <\/a>\n\t<\/div>\t\t<\/div>\n\t\t\t\t<\/div>\n\t\t\t\t<\/div>\n\t\t<div class=\"elementor-element elementor-element-f6b6958 e-con-full e-flex e-con e-child\" data-id=\"f6b6958\" data-element_type=\"container\">\n\t\t\t\t<div class=\"elementor-element elementor-element-0950d6f elementor-widget elementor-widget-image\" data-id=\"0950d6f\" data-element_type=\"widget\" data-widget_type=\"image.default\">\n\t\t\t\t<div class=\"elementor-widget-container\">\n\t\t\t\t\t\t\t\t\t\t\t\t\t\t<a href=\"https:\/\/www.plaque-calage.fr\/fr\/produit\/plaque-de-calage-2\/\">\n\t\t\t\t\t\t\t<img decoding=\"async\" width=\"800\" height=\"800\" src=\"https:\/\/www.plaque-calage.fr\/wp-content\/uploads\/2024\/08\/frontecondef.jpg\" class=\"attachment-large size-large wp-image-4445\" alt=\"\" srcset=\"https:\/\/www.plaque-calage.fr\/wp-content\/uploads\/2024\/08\/frontecondef.jpg 800w, https:\/\/www.plaque-calage.fr\/wp-content\/uploads\/2024\/08\/frontecondef-300x300.jpg 300w, https:\/\/www.plaque-calage.fr\/wp-content\/uploads\/2024\/08\/frontecondef-150x150.jpg 150w, https:\/\/www.plaque-calage.fr\/wp-content\/uploads\/2024\/08\/frontecondef-768x768.jpg 768w, https:\/\/www.plaque-calage.fr\/wp-content\/uploads\/2024\/08\/frontecondef-480x480.jpg 480w, https:\/\/www.plaque-calage.fr\/wp-content\/uploads\/2024\/08\/frontecondef-600x600.jpg 600w, https:\/\/www.plaque-calage.fr\/wp-content\/uploads\/2024\/08\/frontecondef-100x100.jpg 100w\" sizes=\"(max-width: 800px) 100vw, 800px\" \/>\t\t\t\t\t\t\t\t<\/a>\n\t\t\t\t\t\t\t\t\t\t\t\t\t<\/div>\n\t\t\t\t<\/div>\n\t\t\t\t<div class=\"elementor-element elementor-element-63ea0d3 elementor-invisible elementor-widget elementor-widget-rt-title-with-text\" data-id=\"63ea0d3\" data-element_type=\"widget\" data-widget_type=\"rt-title-with-text.default\">\n\t\t\t\t<div class=\"elementor-widget-container\">\n\t\t\t<div class=\"rt-title-text has-animation title-text-style1\">\n\t\t\t\t<h3 class=\"entry-title hide fadeInUp\" data-wow-delay=\"0.4s\" data-wow-duration=\"1.2s\">Plaque de calage avec poign\u00e9es<\/h3>\t\t\n\t\t\n\t<div class=\"entry-content hide fadeInUp\" data-wow-delay=\"0.6s\" data-wow-duration=\"1.2s\"><p>Plaque de calage carr\u00e9 en PEHD recycl\u00e9 assurant une excellente assise et stabilit\u00e9 tout en permettant de r\u00e9partir parfaitement et uniform\u00e9ment la charge au sol.<\/p><\/div>\n\n\t<\/div>\t\t<\/div>\n\t\t\t\t<\/div>\n\t\t\t\t<div class=\"elementor-element elementor-element-9b6161e elementor-invisible elementor-widget elementor-widget-rt-button\" data-id=\"9b6161e\" data-element_type=\"widget\" data-widget_type=\"rt-button.default\">\n\t\t\t\t<div class=\"elementor-widget-container\">\n\t\t\t<div class=\"rt-button hide fadeInUp\" data-wow-delay=\"0.2s\" data-wow-duration=\"1.2s\">\n\t\t\t<a class=\"button-link button-style-2\" href=\"https:\/\/www.plaque-calage.fr\/fr\/produit\/plaque-de-calage-2\/\">\n                        <span class=\"icon icon-left\"><\/span>\n                        <span class=\"button-text button-text-left\">Acheter maintenant<\/span>\n                    <\/a>\n\t<\/div>\t\t<\/div>\n\t\t\t\t<\/div>\n\t\t\t\t<\/div>\n\t\t\t\t\t<\/div>\n\t\t\t\t<\/div>\n\t\t<div class=\"elementor-element elementor-element-befb564 e-flex e-con-boxed e-con e-parent\" data-id=\"befb564\" data-element_type=\"container\">\n\t\t\t\t\t<div class=\"e-con-inner\">\n\t\t\t\t<div class=\"elementor-element elementor-element-3dd799c elementor-widget elementor-widget-spacer\" data-id=\"3dd799c\" data-element_type=\"widget\" data-widget_type=\"spacer.default\">\n\t\t\t\t<div class=\"elementor-widget-container\">\n\t\t\t<style>\/*! elementor - v3.21.0 - 18-04-2024 *\/\n.elementor-column .elementor-spacer-inner{height:var(--spacer-size)}.e-con{--container-widget-width:100%}.e-con-inner>.elementor-widget-spacer,.e-con>.elementor-widget-spacer{width:var(--container-widget-width,var(--spacer-size));--align-self:var(--container-widget-align-self,initial);--flex-shrink:0}.e-con-inner>.elementor-widget-spacer>.elementor-widget-container,.e-con>.elementor-widget-spacer>.elementor-widget-container{height:100%;width:100%}.e-con-inner>.elementor-widget-spacer>.elementor-widget-container>.elementor-spacer,.e-con>.elementor-widget-spacer>.elementor-widget-container>.elementor-spacer{height:100%}.e-con-inner>.elementor-widget-spacer>.elementor-widget-container>.elementor-spacer>.elementor-spacer-inner,.e-con>.elementor-widget-spacer>.elementor-widget-container>.elementor-spacer>.elementor-spacer-inner{height:var(--container-widget-height,var(--spacer-size))}.e-con-inner>.elementor-widget-spacer.elementor-widget-empty,.e-con>.elementor-widget-spacer.elementor-widget-empty{position:relative;min-height:22px;min-width:22px}.e-con-inner>.elementor-widget-spacer.elementor-widget-empty .elementor-widget-empty-icon,.e-con>.elementor-widget-spacer.elementor-widget-empty .elementor-widget-empty-icon{position:absolute;top:0;bottom:0;left:0;right:0;margin:auto;padding:0;width:22px;height:22px}<\/style>\t\t<div class=\"elementor-spacer\">\n\t\t\t<div class=\"elementor-spacer-inner\"><\/div>\n\t\t<\/div>\n\t\t\t\t<\/div>\n\t\t\t\t<\/div>\n\t\t\t\t\t<\/div>\n\t\t\t\t<\/div>\n\t\t\t\t<\/div>","protected":false},"excerpt":{"rendered":"<p>Plaque de calage Plaque de calage carr\u00e9 en PEHD recycl\u00e9 assurant une excellente assise et stabilit\u00e9 tout en permettant de r\u00e9partir parfaitement et uniform\u00e9ment la charge au sol. Acheter maintenant Plaque de calage avec poign\u00e9es Plaque de calage carr\u00e9 en PEHD recycl\u00e9 assurant une excellente assise et stabilit\u00e9 tout en permettant de r\u00e9partir parfaitement et [&hellip;]<\/p>","protected":false},"author":1,"featured_media":0,"parent":0,"menu_order":0,"comment_status":"closed","ping_status":"closed","template":"elementor_header_footer","meta":{"footnotes":""},"class_list":["post-637","page","type-page","status-publish","hentry"],"_links":{"self":[{"href":"https:\/\/www.plaque-calage.fr\/fr\/wp-json\/wp\/v2\/pages\/637","targetHints":{"allow":["GET"]}}],"collection":[{"href":"https:\/\/www.plaque-calage.fr\/fr\/wp-json\/wp\/v2\/pages"}],"about":[{"href":"https:\/\/www.plaque-calage.fr\/fr\/wp-json\/wp\/v2\/types\/page"}],"author":[{"embeddable":true,"href":"https:\/\/www.plaque-calage.fr\/fr\/wp-json\/wp\/v2\/users\/1"}],"replies":[{"embeddable":true,"href":"https:\/\/www.plaque-calage.fr\/fr\/wp-json\/wp\/v2\/comments?post=637"}],"version-history":[{"count":16,"href":"https:\/\/www.plaque-calage.fr\/fr\/wp-json\/wp\/v2\/pages\/637\/revisions"}],"predecessor-version":[{"id":4603,"href":"https:\/\/www.plaque-calage.fr\/fr\/wp-json\/wp\/v2\/pages\/637\/revisions\/4603"}],"wp:attachment":[{"href":"https:\/\/www.plaque-calage.fr\/fr\/wp-json\/wp\/v2\/media?parent=637"}],"curies":[{"name":"wp","href":"https:\/\/api.w.org\/{rel}","templated":true}]}}