{"id":4282,"date":"2024-08-06T07:54:57","date_gmt":"2024-08-06T07:54:57","guid":{"rendered":"https:\/\/www.plaque-calage.fr\/?page_id=4282"},"modified":"2024-08-30T10:22:27","modified_gmt":"2024-08-30T10:22:27","slug":"pourquoi-nous-choisir","status":"publish","type":"page","link":"https:\/\/www.plaque-calage.fr\/fr\/pourquoi-nous-choisir\/","title":{"rendered":"Pourquoi nous faire confiance"},"content":{"rendered":"<div data-elementor-type=\"wp-page\" data-elementor-id=\"4282\" class=\"elementor elementor-4282\">\n\t\t\t\t<div class=\"elementor-element elementor-element-78a40c9 e-flex e-con-boxed e-con e-parent\" data-id=\"78a40c9\" data-element_type=\"container\">\n\t\t\t\t\t<div class=\"e-con-inner\">\n\t\t<div class=\"elementor-element elementor-element-edd4502 e-con-full e-flex e-con e-child\" data-id=\"edd4502\" data-element_type=\"container\">\n\t\t\t\t<div class=\"elementor-element elementor-element-598cdc0 elementor-widget elementor-widget-rt-accordion\" data-id=\"598cdc0\" data-element_type=\"widget\" data-widget_type=\"rt-accordion.default\">\n\t\t\t\t<div class=\"elementor-widget-container\">\n\t\t\t\r\n<div id=\"rtaccordion-1\" class=\"rt-accordion rt-accordion-style-1\" >\r\r\n    \r\n   <div class=\"rt-accordion-item\">\r\r\n        <h2 class=\"rt-accordion-header active\" id=\"rtaccordion-01unelargegammestandard\" >\r\r\n            <button class=\"rt-accordion-button\" type=\"button\" data-bs-toggle=\"collapse\" data-bs-target=\"#rtaccordion-collapse-01unelargegammestandard\" aria-expanded=\"true\">\r\r\n                <span class=\"rt-accordion-icon rt-accordion-icon-left\" aria-hidden=\"true\">\r\r\n                    \r\n                        <span class=\"rt-accordion-icon-closed\"><i class=\"fas fa-plus\"><\/i><\/span>\r\r\n                        <span class=\"rt-accordion-icon-opened\"><i class=\"fas fa-minus\"><\/i><\/span>\r\r\n                    \r\n                <\/span>\r\r\n                <span class=\"rt-accordion-title rt-title-left\">01. Une large gamme standard<\/span>\r\r\n            <\/button>\r\r\n       <\/h2>       \r\r\n        <div id=\"rtaccordion-collapse-01unelargegammestandard\" class=\"accordion-collapse collapse show\" aria-labelledby=\"rtaccordion-01unelargegammestandard\" data-bs-parent=\"#rtaccordion-1\">\r\r\n            <div class=\"accordion-body\">\r\r\n              <p class=\"p1\"><span class=\"s1\">Rendez-vous sur notre boutique en ligne pour s\u00e9lectionner la dimension correspondant \u00e0 votre besoin (niveau \u00e0 compenser \/ charge \u00e0 caler)<\/span><\/p>\r\n            <\/div>\r\r\n        <\/div>\r\r\n   <\/div>\r\r\n    \r\n   <div class=\"rt-accordion-item\">\r\r\n        <h2 class=\"rt-accordion-header\" id=\"rtaccordion-02personnalisationpossible\" >\r\r\n            <button class=\"rt-accordion-button collapsed\" type=\"button\" data-bs-toggle=\"collapse\" data-bs-target=\"#rtaccordion-collapse-02personnalisationpossible\" aria-expanded=\"true\">\r\r\n                <span class=\"rt-accordion-icon rt-accordion-icon-left\" aria-hidden=\"true\">\r\r\n                    \r\n                        <span class=\"rt-accordion-icon-closed\"><i class=\"fas fa-plus\"><\/i><\/span>\r\r\n                        <span class=\"rt-accordion-icon-opened\"><i class=\"fas fa-minus\"><\/i><\/span>\r\r\n                    \r\n                <\/span>\r\r\n                <span class=\"rt-accordion-title rt-title-left\">02. Personnalisation possible<\/span>\r\r\n            <\/button>\r\r\n       <\/h2>       \r\r\n        <div id=\"rtaccordion-collapse-02personnalisationpossible\" class=\"accordion-collapse collapse\" aria-labelledby=\"rtaccordion-02personnalisationpossible\" data-bs-parent=\"#rtaccordion-1\">\r\r\n            <div class=\"accordion-body\">\r\r\n              <p class=\"p1\"><span class=\"s1\">Vous avez besoin d\u2019une dimension diff\u00e9rente de celles propos\u00e9es sur notre boutique en ligne ? <\/span><\/p><p class=\"p1\"><span class=\"s1\">Vous souhaitez un marquage particulier (logo de votre soci\u00e9t\u00e9, r\u00e9f\u00e9rence de la cale)?<\/span><\/p><p class=\"p1\"><span class=\"s1\">Une couleur de cale sp\u00e9ciale?<\/span><\/p><p class=\"p1\"><span class=\"s1\">Contactez-nous sur l\u2019email <a href=\"mailto:info@plaque-calage.fr\"><span class=\"s2\">info@plaque-calage.fr<\/span><\/a><\/span><\/p>\r\n            <\/div>\r\r\n        <\/div>\r\r\n   <\/div>\r\r\n    \r\n   <div class=\"rt-accordion-item\">\r\r\n        <h2 class=\"rt-accordion-header\" id=\"rtaccordion-03production\" >\r\r\n            <button class=\"rt-accordion-button collapsed\" type=\"button\" data-bs-toggle=\"collapse\" data-bs-target=\"#rtaccordion-collapse-03production\" aria-expanded=\"true\">\r\r\n                <span class=\"rt-accordion-icon rt-accordion-icon-left\" aria-hidden=\"true\">\r\r\n                    \r\n                        <span class=\"rt-accordion-icon-closed\"><i class=\"fas fa-plus\"><\/i><\/span>\r\r\n                        <span class=\"rt-accordion-icon-opened\"><i class=\"fas fa-minus\"><\/i><\/span>\r\r\n                    \r\n                <\/span>\r\r\n                <span class=\"rt-accordion-title rt-title-left\">03. Production<\/span>\r\r\n            <\/button>\r\r\n       <\/h2>       \r\r\n        <div id=\"rtaccordion-collapse-03production\" class=\"accordion-collapse collapse\" aria-labelledby=\"rtaccordion-03production\" data-bs-parent=\"#rtaccordion-1\">\r\r\n            <div class=\"accordion-body\">\r\r\n              <p class=\"p1\"><span class=\"s1\">Les cales standard de notre boutique en ligne sont souvent en stock.<\/span><\/p><p class=\"p1\"><span class=\"s1\">Dans le cas contraire, notre large stock de mati\u00e8re et notre parc machine moderne nous permettent de produire dans un d\u00e9lai tr\u00e8s rapide.<\/span><\/p>\r\n            <\/div>\r\r\n        <\/div>\r\r\n   <\/div>\r\r\n    \r\n   <div class=\"rt-accordion-item\">\r\r\n        <h2 class=\"rt-accordion-header\" id=\"rtaccordion-04exp\u00e9dition\" >\r\r\n            <button class=\"rt-accordion-button collapsed\" type=\"button\" data-bs-toggle=\"collapse\" data-bs-target=\"#rtaccordion-collapse-04exp\u00e9dition\" aria-expanded=\"true\">\r\r\n                <span class=\"rt-accordion-icon rt-accordion-icon-left\" aria-hidden=\"true\">\r\r\n                    \r\n                        <span class=\"rt-accordion-icon-closed\"><i class=\"fas fa-plus\"><\/i><\/span>\r\r\n                        <span class=\"rt-accordion-icon-opened\"><i class=\"fas fa-minus\"><\/i><\/span>\r\r\n                    \r\n                <\/span>\r\r\n                <span class=\"rt-accordion-title rt-title-left\">04. Exp\u00e9dition<\/span>\r\r\n            <\/button>\r\r\n       <\/h2>       \r\r\n        <div id=\"rtaccordion-collapse-04exp\u00e9dition\" class=\"accordion-collapse collapse\" aria-labelledby=\"rtaccordion-04exp\u00e9dition\" data-bs-parent=\"#rtaccordion-1\">\r\r\n            <div class=\"accordion-body\">\r\r\n              <p class=\"p1\"><span class=\"s1\">Vos plaques de calages sont emball\u00e9es avec soin et exp\u00e9di\u00e9es dans toute la France.<\/span><\/p><p class=\"p1\"><span class=\"s1\">Livraison sous 24\/48h si votre dimension est en stock<\/span><\/p>\r\n            <\/div>\r\r\n        <\/div>\r\r\n   <\/div>\r\r\n    \r\n   <div class=\"rt-accordion-item\">\r\r\n        <h2 class=\"rt-accordion-header\" id=\"rtaccordion-05lesuivi\" >\r\r\n            <button class=\"rt-accordion-button collapsed\" type=\"button\" data-bs-toggle=\"collapse\" data-bs-target=\"#rtaccordion-collapse-05lesuivi\" aria-expanded=\"true\">\r\r\n                <span class=\"rt-accordion-icon rt-accordion-icon-left\" aria-hidden=\"true\">\r\r\n                    \r\n                        <span class=\"rt-accordion-icon-closed\"><i class=\"fas fa-plus\"><\/i><\/span>\r\r\n                        <span class=\"rt-accordion-icon-opened\"><i class=\"fas fa-minus\"><\/i><\/span>\r\r\n                    \r\n                <\/span>\r\r\n                <span class=\"rt-accordion-title rt-title-left\">05. Le suivi<\/span>\r\r\n            <\/button>\r\r\n       <\/h2>       \r\r\n        <div id=\"rtaccordion-collapse-05lesuivi\" class=\"accordion-collapse collapse\" aria-labelledby=\"rtaccordion-05lesuivi\" data-bs-parent=\"#rtaccordion-1\">\r\r\n            <div class=\"accordion-body\">\r\r\n              <p class=\"p1\"><span class=\"s1\">Nos \u00e9quipes implant\u00e9es en France vous r\u00e9pondent et vous renseignent avec plaisir par email: <a href=\"mailto:info@plaque-calage.fr\"><span class=\"s2\">info@plaque-calage.fr<\/span><\/a><\/span><\/p><p class=\"p1\"><span class=\"s1\">Ou par t\u00e9l\u00e9phone: <a href=\"tel:0481911740\">04.81.91.17.40<\/a><\/span><\/p>\r\n            <\/div>\r\r\n        <\/div>\r\r\n   <\/div>\r\r\n    \r\n<\/div>\r\r\n\t\t<\/div>\n\t\t\t\t<\/div>\n\t\t\t\t<\/div>\n\t\t<div class=\"elementor-element elementor-element-f27820c e-con-full e-flex e-con e-child\" data-id=\"f27820c\" data-element_type=\"container\">\n\t\t\t\t<div class=\"elementor-element elementor-element-83a672f elementor-invisible elementor-widget elementor-widget-rt-image\" data-id=\"83a672f\" data-element_type=\"widget\" data-widget_type=\"rt-image.default\">\n\t\t\t\t<div class=\"elementor-widget-container\">\n\t\t\t\n<div class=\"rt-image-banner rt-banner-style5\">\n\t<div class=\"rt-banner-item hide fadeInUp\" data-wow-delay=\"0.2s\" data-wow-duration=\"1.2s\">\n\t\t<div class=\"rt-image\">\n\t\t\t<img fetchpriority=\"high\" decoding=\"async\" width=\"800\" height=\"800\" src=\"https:\/\/www.plaque-calage.fr\/wp-content\/uploads\/2024\/08\/Plaque-Home.jpg\" class=\"attachment-full size-full wp-image-4488\" alt=\"\" srcset=\"https:\/\/www.plaque-calage.fr\/wp-content\/uploads\/2024\/08\/Plaque-Home.jpg 800w, https:\/\/www.plaque-calage.fr\/wp-content\/uploads\/2024\/08\/Plaque-Home-300x300.jpg 300w, https:\/\/www.plaque-calage.fr\/wp-content\/uploads\/2024\/08\/Plaque-Home-150x150.jpg 150w, https:\/\/www.plaque-calage.fr\/wp-content\/uploads\/2024\/08\/Plaque-Home-768x768.jpg 768w, https:\/\/www.plaque-calage.fr\/wp-content\/uploads\/2024\/08\/Plaque-Home-12x12.jpg 12w, https:\/\/www.plaque-calage.fr\/wp-content\/uploads\/2024\/08\/Plaque-Home-480x480.jpg 480w, https:\/\/www.plaque-calage.fr\/wp-content\/uploads\/2024\/08\/Plaque-Home-600x600.jpg 600w, https:\/\/www.plaque-calage.fr\/wp-content\/uploads\/2024\/08\/Plaque-Home-100x100.jpg 100w\" sizes=\"(max-width: 800px) 100vw, 800px\" \/>\t\t\t<span class=\"shape\"><\/span>\n\t\t<\/div>\n\t<\/div>\n<\/div>\n\t\t<\/div>\n\t\t\t\t<\/div>\n\t\t\t\t<\/div>\n\t\t\t\t\t<\/div>\n\t\t\t\t<\/div>\n\t\t<div class=\"elementor-element elementor-element-e77f1c9 e-flex e-con-boxed e-con e-parent\" data-id=\"e77f1c9\" data-element_type=\"container\">\n\t\t\t\t\t<div class=\"e-con-inner\">\n\t\t\t\t<div class=\"elementor-element elementor-element-6b70870 elementor-invisible elementor-widget elementor-widget-rt-button\" data-id=\"6b70870\" data-element_type=\"widget\" data-widget_type=\"rt-button.default\">\n\t\t\t\t<div class=\"elementor-widget-container\">\n\t\t\t<div class=\"rt-button hide fadeInUp\" data-wow-delay=\"0.2s\" data-wow-duration=\"1.2s\">\n\t\t\t<a class=\"button-link button-style-2\" href=\"https:\/\/www.plaque-calage.fr\/fr\/boutique-en-ligne\/\">\n                        <span class=\"button-text button-text-right\">Shop Online<\/span>\n                        <span class=\"icon icon-right\"><i class=\"icon-faktorie-right-arrow\"><\/i><\/span>\n                    <\/a>\n\t<\/div>\t\t<\/div>\n\t\t\t\t<\/div>\n\t\t\t\t\t<\/div>\n\t\t\t\t<\/div>\n\t\t\t\t<\/div>","protected":false},"excerpt":{"rendered":"<p>01. Une large gamme standard Rendez-vous sur notre boutique en ligne pour s\u00e9lectionner la dimension correspondant \u00e0 votre besoin (niveau \u00e0 compenser \/ charge \u00e0 caler) 02. Personnalisation possible Vous avez besoin d\u2019une dimension diff\u00e9rente de celles propos\u00e9es sur notre boutique en ligne ? Vous souhaitez un marquage particulier (logo de votre soci\u00e9t\u00e9, r\u00e9f\u00e9rence de [&hellip;]<\/p>","protected":false},"author":1,"featured_media":0,"parent":0,"menu_order":0,"comment_status":"closed","ping_status":"closed","template":"elementor_header_footer","meta":{"footnotes":""},"class_list":["post-4282","page","type-page","status-publish","hentry"],"_links":{"self":[{"href":"https:\/\/www.plaque-calage.fr\/fr\/wp-json\/wp\/v2\/pages\/4282","targetHints":{"allow":["GET"]}}],"collection":[{"href":"https:\/\/www.plaque-calage.fr\/fr\/wp-json\/wp\/v2\/pages"}],"about":[{"href":"https:\/\/www.plaque-calage.fr\/fr\/wp-json\/wp\/v2\/types\/page"}],"author":[{"embeddable":true,"href":"https:\/\/www.plaque-calage.fr\/fr\/wp-json\/wp\/v2\/users\/1"}],"replies":[{"embeddable":true,"href":"https:\/\/www.plaque-calage.fr\/fr\/wp-json\/wp\/v2\/comments?post=4282"}],"version-history":[{"count":23,"href":"https:\/\/www.plaque-calage.fr\/fr\/wp-json\/wp\/v2\/pages\/4282\/revisions"}],"predecessor-version":[{"id":4522,"href":"https:\/\/www.plaque-calage.fr\/fr\/wp-json\/wp\/v2\/pages\/4282\/revisions\/4522"}],"wp:attachment":[{"href":"https:\/\/www.plaque-calage.fr\/fr\/wp-json\/wp\/v2\/media?parent=4282"}],"curies":[{"name":"wp","href":"https:\/\/api.w.org\/{rel}","templated":true}]}}