{"id":4276,"date":"2024-08-06T07:45:49","date_gmt":"2024-08-06T07:45:49","guid":{"rendered":"https:\/\/www.plaque-calage.fr\/?page_id=4276"},"modified":"2024-08-30T10:21:42","modified_gmt":"2024-08-30T10:21:42","slug":"ce-que-nous-faisons","status":"publish","type":"page","link":"https:\/\/www.plaque-calage.fr\/fr\/ce-que-nous-faisons\/","title":{"rendered":"Ce que nous faisons"},"content":{"rendered":"<div data-elementor-type=\"wp-page\" data-elementor-id=\"4276\" class=\"elementor elementor-4276\">\n\t\t\t\t\t\t<section class=\"elementor-section elementor-top-section elementor-element elementor-element-afd4382 elementor-section-boxed elementor-section-height-default elementor-section-height-default rt-parallax-bg-no\" data-id=\"afd4382\" data-element_type=\"section\">\n\t\t\t\t\t\t<div class=\"elementor-container elementor-column-gap-default\">\n\t\t\t\t\t<div class=\"elementor-column elementor-col-50 elementor-top-column elementor-element elementor-element-6d7447d elementor-invisible\" data-id=\"6d7447d\" data-element_type=\"column\" data-settings=\"{&quot;animation&quot;:&quot;fadeInRight&quot;}\">\n\t\t\t<div class=\"elementor-widget-wrap elementor-element-populated\">\n\t\t\t\t\t\t<div class=\"elementor-element elementor-element-934bd18 responsive-image-fit elementor-widget elementor-widget-image\" data-id=\"934bd18\" data-element_type=\"widget\" data-widget_type=\"image.default\">\n\t\t\t\t<div class=\"elementor-widget-container\">\n\t\t\t<style>\/*! elementor - v3.21.0 - 18-04-2024 *\/\n.elementor-widget-image{text-align:center}.elementor-widget-image a{display:inline-block}.elementor-widget-image a img[src$=\".svg\"]{width:48px}.elementor-widget-image img{vertical-align:middle;display:inline-block}<\/style>\t\t\t\t\t\t\t\t\t\t<img fetchpriority=\"high\" decoding=\"async\" width=\"800\" height=\"800\" src=\"https:\/\/www.plaque-calage.fr\/wp-content\/uploads\/2024\/08\/PlaqueCalage07.jpg\" class=\"attachment-full size-full wp-image-4516\" alt=\"\" srcset=\"https:\/\/www.plaque-calage.fr\/wp-content\/uploads\/2024\/08\/PlaqueCalage07.jpg 800w, https:\/\/www.plaque-calage.fr\/wp-content\/uploads\/2024\/08\/PlaqueCalage07-300x300.jpg 300w, https:\/\/www.plaque-calage.fr\/wp-content\/uploads\/2024\/08\/PlaqueCalage07-150x150.jpg 150w, https:\/\/www.plaque-calage.fr\/wp-content\/uploads\/2024\/08\/PlaqueCalage07-768x768.jpg 768w, https:\/\/www.plaque-calage.fr\/wp-content\/uploads\/2024\/08\/PlaqueCalage07-12x12.jpg 12w, https:\/\/www.plaque-calage.fr\/wp-content\/uploads\/2024\/08\/PlaqueCalage07-480x480.jpg 480w, https:\/\/www.plaque-calage.fr\/wp-content\/uploads\/2024\/08\/PlaqueCalage07-600x600.jpg 600w, https:\/\/www.plaque-calage.fr\/wp-content\/uploads\/2024\/08\/PlaqueCalage07-100x100.jpg 100w\" sizes=\"(max-width: 800px) 100vw, 800px\" \/>\t\t\t\t\t\t\t\t\t\t\t\t\t<\/div>\n\t\t\t\t<\/div>\n\t\t\t\t\t<\/div>\n\t\t<\/div>\n\t\t\t\t<div class=\"elementor-column elementor-col-50 elementor-top-column elementor-element elementor-element-75053d4 elementor-invisible\" data-id=\"75053d4\" data-element_type=\"column\" data-settings=\"{&quot;animation&quot;:&quot;fadeInLeft&quot;}\">\n\t\t\t<div class=\"elementor-widget-wrap elementor-element-populated\">\n\t\t\t\t\t\t<div class=\"elementor-element elementor-element-7048e59 elementor-invisible elementor-widget elementor-widget-rt-title-with-text\" data-id=\"7048e59\" data-element_type=\"widget\" data-widget_type=\"rt-title-with-text.default\">\n\t\t\t\t<div class=\"elementor-widget-container\">\n\t\t\t<div class=\"rt-title-text has-animation title-text-style1\">\n\t\t\t<div class=\"entry-subtitle hide fadeInUp\" data-wow-delay=\"0.2s\" data-wow-duration=\"1.2s\">PLAQUE CALAGE<span class=\"line\"><\/span><\/div>\n\t\t\t\t<h4 class=\"entry-title hide fadeInUp\" data-wow-delay=\"0.4s\" data-wow-duration=\"1.2s\">Sp\u00e9cialistes des plaques de calage - Fabrication Fran\u00e7aise<\/h4>\t\t\n\t\t\n\t<div class=\"entry-content hide fadeInUp\" data-wow-delay=\"0.6s\" data-wow-duration=\"1.2s\"><p class=\"p1\"><span class=\"s1\">Marre des cales en bois qui perdent de leur r\u00e9sistance, s\u2019ab\u00eement avec le temps ou pourrissent avec l\u2019humidit\u00e9 ? <\/span><\/p><p class=\"p1\"><span class=\"s1\">Nous vous proposons notre savoir-faire dans la r\u00e9alisation de<span class=\"Apple-converted-space\">\u00a0 <\/span>plaques stabilisatrices en plastique technique.<\/span><\/p><p class=\"p1\"><span class=\"s1\">V\u00e9rins de grues, b\u00e2timents modulaires, bungalows, machines industrielles en environnement sec ou humide, sous la neige ou la canicule, nos cales s\u2019adaptent \u00e0 tous les environnements et vous assurent un maintien s\u00e9curis\u00e9 pour une longue dur\u00e9e, sans perdre de leurs propri\u00e9t\u00e9s m\u00e9caniques ou physiques.<\/span><\/p><p class=\"p1\"><span class=\"s1\">Nous sommes capables de vous proposer des \u00e9paisseurs faibles ou massives en fonction de la charge \u00e0 supporter ou du niveau \u00e0 compenser.<\/span><\/p><\/div>\n\n\t<\/div>\t\t<\/div>\n\t\t\t\t<\/div>\n\t\t\t\t<div class=\"elementor-element elementor-element-400f70a elementor-invisible elementor-widget elementor-widget-rt-button\" data-id=\"400f70a\" data-element_type=\"widget\" data-widget_type=\"rt-button.default\">\n\t\t\t\t<div class=\"elementor-widget-container\">\n\t\t\t<div class=\"rt-button hide fadeInUp\" data-wow-delay=\"0.2s\" data-wow-duration=\"1.2s\">\n\t\t\t<a class=\"button-link button-style-2\" href=\"https:\/\/www.plaque-calage.fr\/fr\/boutique-en-ligne\/\">\n                        <span class=\"button-text button-text-right\">Shop Online<\/span>\n                        <span class=\"icon icon-right\"><i class=\"icon-faktorie-right-arrow\"><\/i><\/span>\n                    <\/a>\n\t<\/div>\t\t<\/div>\n\t\t\t\t<\/div>\n\t\t\t\t\t<\/div>\n\t\t<\/div>\n\t\t\t\t\t<\/div>\n\t\t<\/section>\n\t\t\t\t<\/div>","protected":false},"excerpt":{"rendered":"<p>PLAQUE CALAGE Sp\u00e9cialistes des plaques de calage &#8211; Fabrication Fran\u00e7aise Marre des cales en bois qui perdent de leur r\u00e9sistance, s\u2019ab\u00eement avec le temps ou pourrissent avec l\u2019humidit\u00e9 ? Nous vous proposons notre savoir-faire dans la r\u00e9alisation de\u00a0 plaques stabilisatrices en plastique technique. V\u00e9rins de grues, b\u00e2timents modulaires, bungalows, machines industrielles en environnement sec ou [&hellip;]<\/p>","protected":false},"author":1,"featured_media":0,"parent":0,"menu_order":0,"comment_status":"closed","ping_status":"closed","template":"elementor_header_footer","meta":{"footnotes":""},"class_list":["post-4276","page","type-page","status-publish","hentry"],"_links":{"self":[{"href":"https:\/\/www.plaque-calage.fr\/fr\/wp-json\/wp\/v2\/pages\/4276","targetHints":{"allow":["GET"]}}],"collection":[{"href":"https:\/\/www.plaque-calage.fr\/fr\/wp-json\/wp\/v2\/pages"}],"about":[{"href":"https:\/\/www.plaque-calage.fr\/fr\/wp-json\/wp\/v2\/types\/page"}],"author":[{"embeddable":true,"href":"https:\/\/www.plaque-calage.fr\/fr\/wp-json\/wp\/v2\/users\/1"}],"replies":[{"embeddable":true,"href":"https:\/\/www.plaque-calage.fr\/fr\/wp-json\/wp\/v2\/comments?post=4276"}],"version-history":[{"count":16,"href":"https:\/\/www.plaque-calage.fr\/fr\/wp-json\/wp\/v2\/pages\/4276\/revisions"}],"predecessor-version":[{"id":4519,"href":"https:\/\/www.plaque-calage.fr\/fr\/wp-json\/wp\/v2\/pages\/4276\/revisions\/4519"}],"wp:attachment":[{"href":"https:\/\/www.plaque-calage.fr\/fr\/wp-json\/wp\/v2\/media?parent=4276"}],"curies":[{"name":"wp","href":"https:\/\/api.w.org\/{rel}","templated":true}]}}