{"id":4037,"date":"2023-02-06T03:33:21","date_gmt":"2023-02-06T03:33:21","guid":{"rendered":"https:\/\/radiustheme.com\/demo\/wordpress\/themes\/faktorie\/?page_id=6"},"modified":"2024-08-30T10:25:42","modified_gmt":"2024-08-30T10:25:42","slug":"home-01","status":"publish","type":"page","link":"https:\/\/www.plaque-calage.fr\/fr\/","title":{"rendered":"Homepage"},"content":{"rendered":"<div data-elementor-type=\"wp-page\" data-elementor-id=\"4037\" class=\"elementor elementor-4037\">\n\t\t\t\t\t\t<section class=\"elementor-section elementor-top-section elementor-element elementor-element-09c6642 elementor-section-boxed elementor-section-height-default elementor-section-height-default\" data-id=\"09c6642\" data-element_type=\"section\" data-settings=\"{&quot;background_background&quot;:&quot;slideshow&quot;,&quot;background_slideshow_gallery&quot;:[{&quot;id&quot;:4503,&quot;url&quot;:&quot;https:\\\/\\\/www.plaque-calage.fr\\\/wp-content\\\/uploads\\\/2024\\\/08\\\/PlaqueS1-1.jpg&quot;},{&quot;id&quot;:4504,&quot;url&quot;:&quot;https:\\\/\\\/www.plaque-calage.fr\\\/wp-content\\\/uploads\\\/2024\\\/08\\\/PlaqueS2-1.jpg&quot;},{&quot;id&quot;:4505,&quot;url&quot;:&quot;https:\\\/\\\/www.plaque-calage.fr\\\/wp-content\\\/uploads\\\/2024\\\/08\\\/PlaqueS3-1.jpg&quot;}],&quot;background_slideshow_slide_duration&quot;:4000,&quot;background_slideshow_ken_burns&quot;:&quot;yes&quot;,&quot;background_slideshow_loop&quot;:&quot;yes&quot;,&quot;background_slideshow_slide_transition&quot;:&quot;fade&quot;,&quot;background_slideshow_transition_duration&quot;:500,&quot;background_slideshow_ken_burns_zoom_direction&quot;:&quot;in&quot;}\">\n\t\t\t\t\t\t\t<div class=\"elementor-background-overlay\"><\/div>\n\t\t\t\t\t\t\t<div class=\"elementor-container elementor-column-gap-default\">\n\t\t\t\t\t<div class=\"elementor-column elementor-col-100 elementor-top-column elementor-element elementor-element-596c8b4\" data-id=\"596c8b4\" data-element_type=\"column\">\n\t\t\t<div class=\"elementor-widget-wrap elementor-element-populated\">\n\t\t\t\t\t\t<div class=\"elementor-element elementor-element-f0e62f2 elementor-hidden-mobile elementor-invisible elementor-widget elementor-widget-rt-shape\" data-id=\"f0e62f2\" data-element_type=\"widget\" data-widget_type=\"rt-shape.default\">\n\t\t\t\t<div class=\"elementor-widget-container\">\n\t\t\t\n<div class=\"rt-shape-layout rt-shape-style1 wow fadeInDown\" data-wow-delay=\"0.2s\" data-wow-duration=\"1.2s\">\t\n\n    \t<div class=\"rt-shape-item\" \n        style=\"position: absolute;            --faktorie-shape:url(https:\/\/radiustheme.com\/demo\/wordpress\/themes\/faktorie\/wp-content\/uploads\/2023\/02\/hero_top_vactor.svg);\">\n\t<\/div>\n    <\/div>\t\t<\/div>\n\t\t\t\t<\/div>\n\t\t\t\t<div class=\"elementor-element elementor-element-021793a elementor-invisible elementor-widget elementor-widget-rt-hero-banner\" data-id=\"021793a\" data-element_type=\"widget\" data-widget_type=\"rt-hero-banner.default\">\n\t\t\t\t<div class=\"elementor-widget-container\">\n\t\t\t<div class=\"rt-hero-banner has-animation\">\n\t\t\t\t\t<h1 class=\"entry-title hide fadeInUp\" data-wow-delay=\"0.6s\" data-wow-duration=\"1.2s\">PLAQUES DE CALAGE<br> FABRIQU\u00c9ES EN FRANCE<\/h1>\t\t\n\t\t\t\t<div class=\"button-list\">\n\t\t\t    <div class=\"rt-button1 hide fadeInUp\" data-wow-delay=\"1s\" data-wow-duration=\"1.2s\">\n\t\t\t<a class=\"button-style-4 btn-common\" href=\"https:\/\/www.plaque-calage.fr\/fr\/qui-nous-sommes\/\" >Qui Sommes-Nous <i class=\"icon-faktorie-right-arrow\"><\/i><\/a>\n\t          <\/div>\n\t\t\t\t\t    <div class=\"rt-button2 hide fadeInUp\" data-wow-delay=\"1.2s\" data-wow-duration=\"1.2s\">\n\t\t\t<a class=\"button-style-2 btn-common\" href=\"https:\/\/www.plaque-calage.fr\/fr\/boutique-en-ligne\/\" >Shop Online<i class=\"icon-faktorie-right-arrow\"><\/i><\/a>\n\t          <\/div>\n\t\t\t<\/div>\n\t<\/div>\t\t<\/div>\n\t\t\t\t<\/div>\n\t\t\t\t<div class=\"elementor-element elementor-element-95a9df3 elementor-hidden-mobile elementor-invisible elementor-widget elementor-widget-rt-shape\" data-id=\"95a9df3\" data-element_type=\"widget\" data-widget_type=\"rt-shape.default\">\n\t\t\t\t<div class=\"elementor-widget-container\">\n\t\t\t\n<div class=\"rt-shape-layout rt-shape-style1 wow fadeInUp\" data-wow-delay=\"0.2s\" data-wow-duration=\"1.2s\">\t\n\n    \t<div class=\"rt-shape-item\" \n        style=\"position: absolute;            --faktorie-shape:url(https:\/\/radiustheme.com\/demo\/wordpress\/themes\/faktorie\/wp-content\/uploads\/2023\/02\/hero_bottom_vactor.svg);\">\n\t<\/div>\n    <\/div>\t\t<\/div>\n\t\t\t\t<\/div>\n\t\t\t\t\t<\/div>\n\t\t<\/div>\n\t\t\t\t\t<\/div>\n\t\t<\/section>\n\t\t\t\t<section class=\"elementor-section elementor-top-section elementor-element elementor-element-ab39092 elementor-section-boxed elementor-section-height-default elementor-section-height-default rt-parallax-bg-no\" data-id=\"ab39092\" data-element_type=\"section\">\n\t\t\t\t\t\t<div class=\"elementor-container elementor-column-gap-default\">\n\t\t\t\t\t<div class=\"elementor-column elementor-col-50 elementor-top-column elementor-element elementor-element-9e636ec\" data-id=\"9e636ec\" data-element_type=\"column\">\n\t\t\t<div class=\"elementor-widget-wrap elementor-element-populated\">\n\t\t\t\t\t\t<div class=\"elementor-element elementor-element-8d101f5 elementor-widget elementor-widget-image\" data-id=\"8d101f5\" data-element_type=\"widget\" data-widget_type=\"image.default\">\n\t\t\t\t<div class=\"elementor-widget-container\">\n\t\t\t<style>\/*! elementor - v3.21.0 - 18-04-2024 *\/\n.elementor-widget-image{text-align:center}.elementor-widget-image a{display:inline-block}.elementor-widget-image a img[src$=\".svg\"]{width:48px}.elementor-widget-image img{vertical-align:middle;display:inline-block}<\/style>\t\t\t\t\t\t\t\t\t\t<img fetchpriority=\"high\" decoding=\"async\" width=\"800\" height=\"800\" src=\"https:\/\/www.plaque-calage.fr\/wp-content\/uploads\/2024\/08\/Plaque-Home.jpg\" class=\"attachment-full size-full wp-image-4488\" alt=\"\" srcset=\"https:\/\/www.plaque-calage.fr\/wp-content\/uploads\/2024\/08\/Plaque-Home.jpg 800w, https:\/\/www.plaque-calage.fr\/wp-content\/uploads\/2024\/08\/Plaque-Home-300x300.jpg 300w, https:\/\/www.plaque-calage.fr\/wp-content\/uploads\/2024\/08\/Plaque-Home-150x150.jpg 150w, https:\/\/www.plaque-calage.fr\/wp-content\/uploads\/2024\/08\/Plaque-Home-768x768.jpg 768w, https:\/\/www.plaque-calage.fr\/wp-content\/uploads\/2024\/08\/Plaque-Home-12x12.jpg 12w, https:\/\/www.plaque-calage.fr\/wp-content\/uploads\/2024\/08\/Plaque-Home-480x480.jpg 480w, https:\/\/www.plaque-calage.fr\/wp-content\/uploads\/2024\/08\/Plaque-Home-600x600.jpg 600w, https:\/\/www.plaque-calage.fr\/wp-content\/uploads\/2024\/08\/Plaque-Home-100x100.jpg 100w\" sizes=\"(max-width: 800px) 100vw, 800px\" \/>\t\t\t\t\t\t\t\t\t\t\t\t\t<\/div>\n\t\t\t\t<\/div>\n\t\t\t\t\t<\/div>\n\t\t<\/div>\n\t\t\t\t<div class=\"elementor-column elementor-col-50 elementor-top-column elementor-element elementor-element-df2c42e\" data-id=\"df2c42e\" data-element_type=\"column\">\n\t\t\t<div class=\"elementor-widget-wrap elementor-element-populated\">\n\t\t\t\t\t\t<div class=\"elementor-element elementor-element-e87eaf0 elementor-invisible elementor-widget elementor-widget-rt-title-with-text\" data-id=\"e87eaf0\" data-element_type=\"widget\" data-widget_type=\"rt-title-with-text.default\">\n\t\t\t\t<div class=\"elementor-widget-container\">\n\t\t\t<div class=\"rt-title-text has-animation title-text-style1\">\n\t\t\t<div class=\"entry-subtitle hide fadeInUp\" data-wow-delay=\"0.2s\" data-wow-duration=\"1.2s\">plaque calage<span class=\"line\"><\/span><\/div>\n\t\t\t\t<h5 class=\"entry-title hide fadeInUp\" data-wow-delay=\"0.4s\" data-wow-duration=\"1.2s\">Nos plaques sont fabriqu\u00e9es dans nos ateliers de Mions \u00e0 partir de mat\u00e9riaux de qualit\u00e9 sup\u00e9rieur, vous assurant ainsi long\u00e9vit\u00e9 et s\u00e9curit\u00e9 pour vos op\u00e9rations de manutention et de calage.<\/h5>\t\t\n\t\t\n\t<div class=\"entry-content hide fadeInUp\" data-wow-delay=\"0.6s\" data-wow-duration=\"1.2s\"><p class=\"p1\"><span class=\"s1\">Faciles \u00e0 manipuler gr\u00e2ce \u00e0 une r\u00e9alisation \u00e0 partir d\u2019un polym\u00e8re PEHD avec une densit\u00e9 inf\u00e9rieure \u00e0 1, nous vous proposons des plaques de diff\u00e9rentes dimensions en fonction de votre utilisation.<\/span><\/p><p class=\"p1\"><span class=\"s1\">Grues, machines de levage, construction modulaire, mobile home\u2026 Rien ne leur fait peur ! <\/span><\/p><p class=\"p1\"><span class=\"s1\">Fiabilit\u00e9, tarif comp\u00e9titif et livraison rapide garantie gr\u00e2ce \u00e0 notre expertise et \u00e0 nos moyens de fabrication internes sans interm\u00e9diaires,<\/span><\/p><\/div>\n\n\t<\/div>\t\t<\/div>\n\t\t\t\t<\/div>\n\t\t\t\t<div class=\"elementor-element elementor-element-cd92ac3 elementor-invisible elementor-widget elementor-widget-rt-button\" data-id=\"cd92ac3\" data-element_type=\"widget\" data-widget_type=\"rt-button.default\">\n\t\t\t\t<div class=\"elementor-widget-container\">\n\t\t\t<div class=\"rt-button hide fadeInUp\" data-wow-delay=\"0.2s\" data-wow-duration=\"1.2s\">\n\t\t\t<a class=\"button-link button-style-2\" href=\"https:\/\/www.plaque-calage.fr\/fr\/ce-que-nous-faisons\/\">\n                        <span class=\"icon icon-left\"><\/span>\n                        <span class=\"button-text button-text-left\">Ce que nous faisons<\/span>\n                    <\/a>\n\t<\/div>\t\t<\/div>\n\t\t\t\t<\/div>\n\t\t\t\t\t<\/div>\n\t\t<\/div>\n\t\t\t\t\t<\/div>\n\t\t<\/section>\n\t\t\t\t<section class=\"elementor-section elementor-top-section elementor-element elementor-element-3e9f252 elementor-section-boxed elementor-section-height-default elementor-section-height-default rt-parallax-bg-no\" data-id=\"3e9f252\" data-element_type=\"section\" data-settings=\"{&quot;background_background&quot;:&quot;classic&quot;}\">\n\t\t\t\t\t\t<div class=\"elementor-container elementor-column-gap-default\">\n\t\t\t\t\t<div class=\"elementor-column elementor-col-100 elementor-top-column elementor-element elementor-element-5434093\" data-id=\"5434093\" data-element_type=\"column\">\n\t\t\t<div class=\"elementor-widget-wrap elementor-element-populated\">\n\t\t\t\t\t\t<div class=\"elementor-element elementor-element-035e112 elementor-invisible elementor-widget elementor-widget-rt-title\" data-id=\"035e112\" data-element_type=\"widget\" data-widget_type=\"rt-title.default\">\n\t\t\t\t<div class=\"elementor-widget-container\">\n\t\t\t<div class=\"rt-section-title has-animation style1\">\n\t<div class=\"title-holder\">\t\t\n\t\t\t\t<div class=\"sub-title hide fadeInUp\" data-wow-delay=\"0.2s\" data-wow-duration=\"1.4s\">PLAQUE CALAGE\t\t<span class=\"line\"><\/span><\/div>\n\t\t\t\t\t\t<h2 class=\"entry-title hide fadeInUp\" data-wow-delay=\"0.6s\" data-wow-duration=\"1.4s\">Quelques exemples d\u2019applications<\/h2>\n\t\t\t\t\n\t<\/div>\n<\/div>\n\t\t<\/div>\n\t\t\t\t<\/div>\n\t\t<div class=\"elementor-element elementor-element-e033304 e-grid e-con-boxed e-con e-parent\" data-id=\"e033304\" data-element_type=\"container\">\n\t\t\t\t\t<div class=\"e-con-inner\">\n\t\t\t\t<div class=\"elementor-element elementor-element-17e3a03 elementor-widget elementor-widget-image\" data-id=\"17e3a03\" data-element_type=\"widget\" data-widget_type=\"image.default\">\n\t\t\t\t<div class=\"elementor-widget-container\">\n\t\t\t\t\t\t\t\t\t\t\t\t\t<img decoding=\"async\" width=\"800\" height=\"800\" src=\"https:\/\/www.plaque-calage.fr\/wp-content\/uploads\/2024\/08\/Plaquecalage01.jpg\" class=\"attachment-large size-large wp-image-4489\" alt=\"\" srcset=\"https:\/\/www.plaque-calage.fr\/wp-content\/uploads\/2024\/08\/Plaquecalage01.jpg 800w, https:\/\/www.plaque-calage.fr\/wp-content\/uploads\/2024\/08\/Plaquecalage01-300x300.jpg 300w, https:\/\/www.plaque-calage.fr\/wp-content\/uploads\/2024\/08\/Plaquecalage01-150x150.jpg 150w, https:\/\/www.plaque-calage.fr\/wp-content\/uploads\/2024\/08\/Plaquecalage01-768x768.jpg 768w, https:\/\/www.plaque-calage.fr\/wp-content\/uploads\/2024\/08\/Plaquecalage01-12x12.jpg 12w, https:\/\/www.plaque-calage.fr\/wp-content\/uploads\/2024\/08\/Plaquecalage01-480x480.jpg 480w, https:\/\/www.plaque-calage.fr\/wp-content\/uploads\/2024\/08\/Plaquecalage01-600x600.jpg 600w, https:\/\/www.plaque-calage.fr\/wp-content\/uploads\/2024\/08\/Plaquecalage01-100x100.jpg 100w\" sizes=\"(max-width: 800px) 100vw, 800px\" \/>\t\t\t\t\t\t\t\t\t\t\t\t\t<\/div>\n\t\t\t\t<\/div>\n\t\t\t\t<div class=\"elementor-element elementor-element-511488d elementor-widget elementor-widget-image\" data-id=\"511488d\" data-element_type=\"widget\" data-widget_type=\"image.default\">\n\t\t\t\t<div class=\"elementor-widget-container\">\n\t\t\t\t\t\t\t\t\t\t\t\t\t<img decoding=\"async\" width=\"800\" height=\"800\" src=\"https:\/\/www.plaque-calage.fr\/wp-content\/uploads\/2024\/08\/PlaqueCalage04.jpg\" class=\"attachment-large size-large wp-image-4490\" alt=\"\" srcset=\"https:\/\/www.plaque-calage.fr\/wp-content\/uploads\/2024\/08\/PlaqueCalage04.jpg 800w, https:\/\/www.plaque-calage.fr\/wp-content\/uploads\/2024\/08\/PlaqueCalage04-300x300.jpg 300w, https:\/\/www.plaque-calage.fr\/wp-content\/uploads\/2024\/08\/PlaqueCalage04-150x150.jpg 150w, https:\/\/www.plaque-calage.fr\/wp-content\/uploads\/2024\/08\/PlaqueCalage04-768x768.jpg 768w, https:\/\/www.plaque-calage.fr\/wp-content\/uploads\/2024\/08\/PlaqueCalage04-12x12.jpg 12w, https:\/\/www.plaque-calage.fr\/wp-content\/uploads\/2024\/08\/PlaqueCalage04-480x480.jpg 480w, https:\/\/www.plaque-calage.fr\/wp-content\/uploads\/2024\/08\/PlaqueCalage04-600x600.jpg 600w, https:\/\/www.plaque-calage.fr\/wp-content\/uploads\/2024\/08\/PlaqueCalage04-100x100.jpg 100w\" sizes=\"(max-width: 800px) 100vw, 800px\" \/>\t\t\t\t\t\t\t\t\t\t\t\t\t<\/div>\n\t\t\t\t<\/div>\n\t\t\t\t<div class=\"elementor-element elementor-element-af00862 elementor-widget elementor-widget-image\" data-id=\"af00862\" data-element_type=\"widget\" data-widget_type=\"image.default\">\n\t\t\t\t<div class=\"elementor-widget-container\">\n\t\t\t\t\t\t\t\t\t\t\t\t\t<img loading=\"lazy\" decoding=\"async\" width=\"800\" height=\"800\" src=\"https:\/\/www.plaque-calage.fr\/wp-content\/uploads\/2024\/08\/PlaqueCalage06.jpg\" class=\"attachment-large size-large wp-image-4491\" alt=\"\" srcset=\"https:\/\/www.plaque-calage.fr\/wp-content\/uploads\/2024\/08\/PlaqueCalage06.jpg 800w, https:\/\/www.plaque-calage.fr\/wp-content\/uploads\/2024\/08\/PlaqueCalage06-300x300.jpg 300w, https:\/\/www.plaque-calage.fr\/wp-content\/uploads\/2024\/08\/PlaqueCalage06-150x150.jpg 150w, https:\/\/www.plaque-calage.fr\/wp-content\/uploads\/2024\/08\/PlaqueCalage06-768x768.jpg 768w, https:\/\/www.plaque-calage.fr\/wp-content\/uploads\/2024\/08\/PlaqueCalage06-12x12.jpg 12w, https:\/\/www.plaque-calage.fr\/wp-content\/uploads\/2024\/08\/PlaqueCalage06-480x480.jpg 480w, https:\/\/www.plaque-calage.fr\/wp-content\/uploads\/2024\/08\/PlaqueCalage06-600x600.jpg 600w, https:\/\/www.plaque-calage.fr\/wp-content\/uploads\/2024\/08\/PlaqueCalage06-100x100.jpg 100w\" sizes=\"(max-width: 800px) 100vw, 800px\" \/>\t\t\t\t\t\t\t\t\t\t\t\t\t<\/div>\n\t\t\t\t<\/div>\n\t\t\t\t\t<\/div>\n\t\t\t\t<\/div>\n\t\t\t\t\t<\/div>\n\t\t<\/div>\n\t\t\t\t\t<\/div>\n\t\t<\/section>\n\t\t\t\t<section class=\"elementor-section elementor-top-section elementor-element elementor-element-a51f58c elementor-section-boxed elementor-section-height-default elementor-section-height-default rt-parallax-bg-no\" data-id=\"a51f58c\" data-element_type=\"section\" data-settings=\"{&quot;background_background&quot;:&quot;classic&quot;}\">\n\t\t\t\t\t\t<div class=\"elementor-container elementor-column-gap-default\">\n\t\t\t\t\t<div class=\"elementor-column elementor-col-100 elementor-top-column elementor-element elementor-element-d588620\" data-id=\"d588620\" data-element_type=\"column\">\n\t\t\t<div class=\"elementor-widget-wrap elementor-element-populated\">\n\t\t\t\t\t\t<div class=\"elementor-element elementor-element-9ffdc5d elementor-invisible elementor-widget elementor-widget-rt-title\" data-id=\"9ffdc5d\" data-element_type=\"widget\" data-widget_type=\"rt-title.default\">\n\t\t\t\t<div class=\"elementor-widget-container\">\n\t\t\t<div class=\"rt-section-title has-animation style1\">\n\t<div class=\"title-holder\">\t\t\n\t\t\t\t<div class=\"sub-title hide fadeInUp\" data-wow-delay=\"0.2s\" data-wow-duration=\"1.4s\">PLAQUE CALAGE\t\t<span class=\"line\"><\/span><\/div>\n\t\t\t\t\t\t<h2 class=\"entry-title hide fadeInUp\" data-wow-delay=\"0.6s\" data-wow-duration=\"1.4s\">Avez-vous besoin d'informations?<\/h2>\n\t\t\t\t\n\t<\/div>\n<\/div>\n\t\t<\/div>\n\t\t\t\t<\/div>\n\t\t<div class=\"elementor-element elementor-element-d886e1f e-grid e-con-boxed e-con e-parent\" data-id=\"d886e1f\" data-element_type=\"container\">\n\t\t\t\t\t<div class=\"e-con-inner\">\n\t\t\t\t<div class=\"elementor-element elementor-element-8de9036 elementor-widget elementor-widget-shortcode\" data-id=\"8de9036\" data-element_type=\"widget\" data-widget_type=\"shortcode.default\">\n\t\t\t\t<div class=\"elementor-widget-container\">\n\t\t\t\t\t<div class=\"elementor-shortcode\">\n<div class=\"wpcf7 no-js\" id=\"wpcf7-f4217-o1\" lang=\"en-US\" dir=\"ltr\" data-wpcf7-id=\"4217\">\n<div class=\"screen-reader-response\"><p role=\"status\" aria-live=\"polite\" aria-atomic=\"true\"><\/p> <ul><\/ul><\/div>\n<form action=\"\/fr\/wp-json\/wp\/v2\/pages\/4037#wpcf7-f4217-o1\" method=\"post\" class=\"wpcf7-form init\" aria-label=\"Contact form\" novalidate=\"novalidate\" data-status=\"init\" data-trp-original-action=\"\/fr\/wp-json\/wp\/v2\/pages\/4037#wpcf7-f4217-o1\">\n<div style=\"display: none;\">\n<input type=\"hidden\" name=\"_wpcf7\" value=\"4217\" \/>\n<input type=\"hidden\" name=\"_wpcf7_version\" value=\"6.0.6\" \/>\n<input type=\"hidden\" name=\"_wpcf7_locale\" value=\"en_US\" \/>\n<input type=\"hidden\" name=\"_wpcf7_unit_tag\" value=\"wpcf7-f4217-o1\" \/>\n<input type=\"hidden\" name=\"_wpcf7_container_post\" value=\"0\" \/>\n<input type=\"hidden\" name=\"_wpcf7_posted_data_hash\" value=\"\" \/>\n<input type=\"hidden\" name=\"_wpcf7_recaptcha_response\" value=\"\" \/>\n<\/div>\n<p><label> Nom et pr\u00e9nom<br \/>\n<span class=\"wpcf7-form-control-wrap\" data-name=\"your-name\"><input size=\"40\" maxlength=\"400\" class=\"wpcf7-form-control wpcf7-text wpcf7-validates-as-required\" autocomplete=\"name\" aria-required=\"true\" aria-invalid=\"false\" value=\"\" type=\"text\" name=\"your-name\" \/><\/span> <\/label>\n<\/p>\n<p><label> Email<br \/>\n<span class=\"wpcf7-form-control-wrap\" data-name=\"your-email\"><input size=\"40\" maxlength=\"400\" class=\"wpcf7-form-control wpcf7-email wpcf7-validates-as-required wpcf7-text wpcf7-validates-as-email\" autocomplete=\"email\" aria-required=\"true\" aria-invalid=\"false\" value=\"\" type=\"email\" name=\"your-email\" \/><\/span> <\/label>\n<\/p>\n<p><label> T\u00e9l\u00e9phone<br \/>\n<span class=\"wpcf7-form-control-wrap\" data-name=\"your-subject\"><input size=\"40\" maxlength=\"400\" class=\"wpcf7-form-control wpcf7-text wpcf7-validates-as-required\" aria-required=\"true\" aria-invalid=\"false\" value=\"\" type=\"text\" name=\"your-subject\" \/><\/span> <\/label>\n<\/p>\n<p><label> Message<br \/>\n<span class=\"wpcf7-form-control-wrap\" data-name=\"your-message\"><textarea cols=\"40\" rows=\"10\" maxlength=\"2000\" class=\"wpcf7-form-control wpcf7-textarea\" aria-invalid=\"false\" name=\"your-message\"><\/textarea><\/span> <\/label>\n<\/p>\n<p><span class=\"wpcf7-form-control-wrap\" data-name=\"acceptance-70\"><span class=\"wpcf7-form-control wpcf7-acceptance\"><span class=\"wpcf7-list-item\"><label><input type=\"checkbox\" name=\"acceptance-70\" value=\"1\" aria-invalid=\"false\" \/><span class=\"wpcf7-list-item-label\"><a href=\"https:\/\/www.plaque-calage.fr\/fr\/privacy-policy\/\"> Privacy Policy<\/a><\/span><\/label><\/span><\/span><\/span><br \/>\n\n<\/p>\n<p><input class=\"wpcf7-form-control wpcf7-submit has-spinner\" type=\"submit\" value=\"Soumettre\" \/>\n<\/p><div class=\"wpcf7-response-output\" aria-hidden=\"true\"><\/div>\n<input type=\"hidden\" name=\"trp-form-language\" value=\"fr\"\/><\/form>\n<\/div>\n<\/div>\n\t\t\t\t<\/div>\n\t\t\t\t<\/div>\n\t\t\t\t<div class=\"elementor-element elementor-element-81d8245 elementor-widget elementor-widget-image\" data-id=\"81d8245\" data-element_type=\"widget\" data-widget_type=\"image.default\">\n\t\t\t\t<div class=\"elementor-widget-container\">\n\t\t\t\t\t\t\t\t\t\t\t\t\t<img loading=\"lazy\" decoding=\"async\" width=\"768\" height=\"1152\" src=\"https:\/\/www.plaque-calage.fr\/wp-content\/uploads\/2024\/08\/PlaqueCalage03-768x1152.jpg\" class=\"attachment-medium_large size-medium_large wp-image-4492\" alt=\"\" srcset=\"https:\/\/www.plaque-calage.fr\/wp-content\/uploads\/2024\/08\/PlaqueCalage03-768x1152.jpg 768w, https:\/\/www.plaque-calage.fr\/wp-content\/uploads\/2024\/08\/PlaqueCalage03-200x300.jpg 200w, https:\/\/www.plaque-calage.fr\/wp-content\/uploads\/2024\/08\/PlaqueCalage03-683x1024.jpg 683w, https:\/\/www.plaque-calage.fr\/wp-content\/uploads\/2024\/08\/PlaqueCalage03-1024x1536.jpg 1024w, https:\/\/www.plaque-calage.fr\/wp-content\/uploads\/2024\/08\/PlaqueCalage03-1366x2048.jpg 1366w, https:\/\/www.plaque-calage.fr\/wp-content\/uploads\/2024\/08\/PlaqueCalage03-8x12.jpg 8w, https:\/\/www.plaque-calage.fr\/wp-content\/uploads\/2024\/08\/PlaqueCalage03-600x900.jpg 600w, https:\/\/www.plaque-calage.fr\/wp-content\/uploads\/2024\/08\/PlaqueCalage03.jpg 1707w\" sizes=\"(max-width: 768px) 100vw, 768px\" \/>\t\t\t\t\t\t\t\t\t\t\t\t\t<\/div>\n\t\t\t\t<\/div>\n\t\t\t\t\t<\/div>\n\t\t\t\t<\/div>\n\t\t\t\t\t<\/div>\n\t\t<\/div>\n\t\t\t\t\t<\/div>\n\t\t<\/section>\n\t\t\t\t<section class=\"elementor-section elementor-top-section elementor-element elementor-element-2557e4a elementor-section-boxed elementor-section-height-default elementor-section-height-default\" data-id=\"2557e4a\" data-element_type=\"section\" data-settings=\"{&quot;background_background&quot;:&quot;classic&quot;}\">\n\t\t\t\t\t\t\t<div class=\"elementor-background-overlay\"><\/div>\n\t\t\t\t\t\t\t<div class=\"elementor-container elementor-column-gap-default\">\n\t\t\t\t\t<div class=\"elementor-column elementor-col-100 elementor-top-column elementor-element elementor-element-9a0d9cf\" data-id=\"9a0d9cf\" data-element_type=\"column\">\n\t\t\t<div class=\"elementor-widget-wrap elementor-element-populated\">\n\t\t\t\t\t\t<div class=\"elementor-element elementor-element-7fec39c elementor-invisible elementor-widget elementor-widget-rt-title\" data-id=\"7fec39c\" data-element_type=\"widget\" data-widget_type=\"rt-title.default\">\n\t\t\t\t<div class=\"elementor-widget-container\">\n\t\t\t<div class=\"rt-section-title has-animation style1\">\n\t<div class=\"title-holder\">\t\t\n\t\t\t\t\t\t<h3 class=\"entry-title hide fadeInUp\" data-wow-delay=\"0.6s\" data-wow-duration=\"1.4s\">Commandez d\u00e8s maintenant la dimension adapt\u00e9e \u00e0 votre charge<\/h3>\n\t\t\t\t\n\t<\/div>\n<\/div>\n\t\t<\/div>\n\t\t\t\t<\/div>\n\t\t\t\t<div class=\"elementor-element elementor-element-b19b639 elementor-invisible elementor-widget elementor-widget-rt-button\" data-id=\"b19b639\" data-element_type=\"widget\" data-widget_type=\"rt-button.default\">\n\t\t\t\t<div class=\"elementor-widget-container\">\n\t\t\t<div class=\"rt-button hide fadeInUp\" data-wow-delay=\"0.2s\" data-wow-duration=\"1.2s\">\n\t\t\t<a class=\"button-link button-style-2\" href=\"https:\/\/www.plaque-calage.fr\/fr\/boutique-en-ligne\/\">\n                        <span class=\"button-text button-text-right\">Shop Online<\/span>\n                        <span class=\"icon icon-right\"><i class=\"icon-faktorie-right-arrow\"><\/i><\/span>\n                    <\/a>\n\t<\/div>\t\t<\/div>\n\t\t\t\t<\/div>\n\t\t\t\t\t<\/div>\n\t\t<\/div>\n\t\t\t\t\t<\/div>\n\t\t<\/section>\n\t\t\t\t<\/div>","protected":false},"excerpt":{"rendered":"<p>PLAQUES DE CALAGE FABRIQU\u00c9ES EN FRANCE Qui Sommes-Nous Shop Online plaque calage Nos plaques sont fabriqu\u00e9es dans nos ateliers de Mions \u00e0 partir de mat\u00e9riaux de qualit\u00e9 sup\u00e9rieur, vous assurant ainsi long\u00e9vit\u00e9 et s\u00e9curit\u00e9 pour vos op\u00e9rations de manutention et de calage. Faciles \u00e0 manipuler gr\u00e2ce \u00e0 une r\u00e9alisation \u00e0 partir d\u2019un polym\u00e8re PEHD avec [&hellip;]<\/p>","protected":false},"author":1,"featured_media":0,"parent":0,"menu_order":0,"comment_status":"closed","ping_status":"closed","template":"elementor_header_footer","meta":{"footnotes":""},"class_list":["post-4037","page","type-page","status-publish","hentry"],"_links":{"self":[{"href":"https:\/\/www.plaque-calage.fr\/fr\/wp-json\/wp\/v2\/pages\/4037","targetHints":{"allow":["GET"]}}],"collection":[{"href":"https:\/\/www.plaque-calage.fr\/fr\/wp-json\/wp\/v2\/pages"}],"about":[{"href":"https:\/\/www.plaque-calage.fr\/fr\/wp-json\/wp\/v2\/types\/page"}],"author":[{"embeddable":true,"href":"https:\/\/www.plaque-calage.fr\/fr\/wp-json\/wp\/v2\/users\/1"}],"replies":[{"embeddable":true,"href":"https:\/\/www.plaque-calage.fr\/fr\/wp-json\/wp\/v2\/comments?post=4037"}],"version-history":[{"count":56,"href":"https:\/\/www.plaque-calage.fr\/fr\/wp-json\/wp\/v2\/pages\/4037\/revisions"}],"predecessor-version":[{"id":4525,"href":"https:\/\/www.plaque-calage.fr\/fr\/wp-json\/wp\/v2\/pages\/4037\/revisions\/4525"}],"wp:attachment":[{"href":"https:\/\/www.plaque-calage.fr\/fr\/wp-json\/wp\/v2\/media?parent=4037"}],"curies":[{"name":"wp","href":"https:\/\/api.w.org\/{rel}","templated":true}]}}