{"id":3,"date":"2024-08-01T04:07:16","date_gmt":"2024-08-01T04:07:16","guid":{"rendered":"https:\/\/www.plaque-calage.fr\/?page_id=3"},"modified":"2024-08-28T13:51:26","modified_gmt":"2024-08-28T13:51:26","slug":"privacy-policy","status":"publish","type":"page","link":"https:\/\/www.plaque-calage.fr\/fr\/privacy-policy\/","title":{"rendered":"Privacy Policy"},"content":{"rendered":"<h6 class=\"wp-block-heading\"><\/h6><p><\/p><p>Dans cette page, les modalit\u00e9s de gestion du site en ce qui concerne le traitement des donn\u00e9es personnelles des utilisateurs qui le consultent sont d\u00e9crites. Il s\u2019agit d\u2019une information qui est \u00e9galement fournie en vertu de l\u2019article 13 du d\u00e9cret l\u00e9gislatif italien n\u00b0 196\/2003 \u2013 Code relatif \u00e0 la protection des donn\u00e9es personnelles, et de l\u2019article 13 du R\u00e8glement de l\u2019Union europ\u00e9enne n\u00b0 2016\/679, \u00e0 ceux qui interagissent avec les services web du site internet\u00a0<a href=\"https:\/\/www.poly-service.fr\/\">https:\/\/www.plaque-calage.fr\/<\/a>, accessibles par voie \u00e9lectronique \u00e0 partir de l\u2019adresse :\u00a0<a href=\"https:\/\/www.plaque-calage.fr\/fr\/\">https:\/\/www.plaque-calage.fr\/<\/a>,correspondant \u00e0 la page d\u2019accueil du site officiel de Plaque Calage.<\/p><p>Cette information est fournie uniquement pour le site\u00a0<a href=\"https:\/\/www.plaque-calage.fr\/fr\/\">https:\/\/www.plaque-calage.fr\/<\/a>, et non pour d\u2019autres sites web \u00e9ventuellement consult\u00e9s par l\u2019utilisateur via des liens.<\/p><p>Cette information s\u2019inspire \u00e9galement de la Recommandation n\u00b0 2\/2001 que les autorit\u00e9s europ\u00e9ennes de protection des donn\u00e9es personnelles, r\u00e9unies dans le groupe \u00e9tabli en vertu de l\u2019article 29 de la directive n\u00b0 95\/46\/CE, ont adopt\u00e9e le 17 mai 2001 pour identifier certaines exigences minimales pour la collecte de donn\u00e9es personnelles en ligne, notamment les modalit\u00e9s, les d\u00e9lais et la nature des informations que les responsables du traitement doivent fournir aux utilisateurs lorsqu\u2019ils se connectent \u00e0 des pages web, quel que soit l\u2019objet de la connexion.<\/p><p>La Recommandation et une description synth\u00e9tique de ses objectifs sont pr\u00e9sent\u00e9es sur d\u2019autres pages de ce site.<\/p><p>LE \u201cRESPONSABLE\u201d DU TRAITEMENT<\/p><p>Suite \u00e0 la consultation de ce site, des donn\u00e9es relatives \u00e0 des personnes identifi\u00e9es ou identifiables peuvent \u00eatre trait\u00e9es.<\/p><p>Le \u201cresponsable\u201d de leur traitement est Plaque Calage, dont le si\u00e8ge est situ\u00e9 136, Route d\u2019Heyrieux \u2013 69780 \u2013 Myons \u2013 France \u2013 FR20978974863 \u2013 Email :\u00a0<a href=\"mailto:info@politecnici.com\">info@plaque-calage.fr<\/a>\u00a0\u2013 T\u00e9l. : <a href=\"tel:04.81.91.17.40\">04.81.91.17.40<\/a><\/p><p>LIEU DE TRAITEMENT DES DONN\u00c9ES<\/p><p>Les traitements li\u00e9s aux services web de ce site ont lieu chez Plaque Calage, dont le si\u00e8ge est situ\u00e9 136, Route d\u2019Heyrieux \u2013 69780 \u2013 Myons \u2013 France \u2013 FR20978974863 \u2013 Email :\u00a0<a href=\"mailto:info@politecnici.com\">info@plaque-calage.fr<\/a>\u00a0\u2013 T\u00e9l. : <a href=\"tel:04.81.91.17.40\">04.81.91.17.40<\/a> et sont pris en charge uniquement par le personnel technique du Bureau en charge du traitement, ou par des personnes charg\u00e9es d\u2019op\u00e9rations de maintenance occasionnelles.<\/p><p>Aucune donn\u00e9e d\u00e9coulant du service web n\u2019est communiqu\u00e9e ou diffus\u00e9e.<\/p><p>Les donn\u00e9es personnelles fournies par les utilisateurs qui envoient des demandes d\u2019envoi de mat\u00e9riel informatif sont utilis\u00e9es uniquement dans le but d\u2019ex\u00e9cuter le service ou la prestation demand\u00e9e et sont communiqu\u00e9es \u00e0 des tiers uniquement si cela est n\u00e9cessaire \u00e0 cet effet.<\/p><p>TYPES DE DONN\u00c9ES TRAIT\u00c9ES<\/p><p>Donn\u00e9es de navigation<\/p><p>Les syst\u00e8mes informatiques et les proc\u00e9dures logicielles utilis\u00e9s pour faire fonctionner ce site web acqui\u00e8rent, au cours de leur fonctionnement normal, certaines donn\u00e9es personnelles dont la transmission est implicite dans l\u2019utilisation des protocoles de communication d\u2019Internet.<\/p><p>Il s\u2019agit d\u2019informations qui ne sont pas collect\u00e9es pour \u00eatre associ\u00e9es \u00e0 des personnes identifi\u00e9es, mais qui, par leur nature m\u00eame, pourraient permettre d\u2019identifier les utilisateurs par le biais de traitements et d\u2019associations avec des donn\u00e9es d\u00e9tenues par des tiers.<\/p><p>Cette cat\u00e9gorie de donn\u00e9es comprend les adresses IP ou les noms de domaine des ordinateurs utilis\u00e9s par les utilisateurs qui se connectent au site, les adresses en notation URI (Uniform Resource Identifier) des ressources demand\u00e9es, l\u2019heure de la demande, la m\u00e9thode utilis\u00e9e pour soumettre la demande au serveur, la taille du fichier obtenu en r\u00e9ponse, le code num\u00e9rique indiquant l\u2019\u00e9tat de la r\u00e9ponse donn\u00e9e par le serveur (r\u00e9ussite, erreur, etc.) et d\u2019autres param\u00e8tres relatifs au syst\u00e8me d\u2019exploitation et \u00e0 l\u2019environnement informatique de l\u2019utilisateur.<\/p><p>Ces donn\u00e9es sont utilis\u00e9es uniquement dans le but d\u2019obtenir des informations statistiques anonymes sur l\u2019utilisation du site et pour en v\u00e9rifier le bon fonctionnement, et elles sont supprim\u00e9es imm\u00e9diatement apr\u00e8s leur traitement. Ces donn\u00e9es peuvent \u00eatre utilis\u00e9es pour \u00e9tablir la responsabilit\u00e9 en cas d\u2019\u00e9ventuels d\u00e9lits informatiques contre le site : sauf dans ce cas, les donn\u00e9es de contact web ne sont pas conserv\u00e9es pendant plus de sept jours.<\/p><p>Donn\u00e9es fournies volontairement par l\u2019utilisateur<\/p><p>L\u2019envoi facultatif, explicite et volontaire de courriers \u00e9lectroniques aux adresses indiqu\u00e9es sur ce site entra\u00eene l\u2019acquisition ult\u00e9rieure de l\u2019adresse de l\u2019exp\u00e9diteur, n\u00e9cessaire pour r\u00e9pondre aux demandes, ainsi que de toute autre donn\u00e9e personnelle incluse dans le message.<\/p><p>Des informations synth\u00e9tiques sp\u00e9cifiques seront progressivement affich\u00e9es ou affich\u00e9es sur les pages du site pr\u00e9par\u00e9es pour des services sp\u00e9cifiques sur demande.<\/p><p>COOKIES<\/p><p>Qu\u2019est-ce qu\u2019un cookie ?<\/p><p>Un cookie est un petit fichier texte qui est stock\u00e9 sur l\u2019ordinateur lorsque vous visitez un site web en tant qu\u2019utilisateur. Le texte stocke des informations que le site peut lire lorsqu\u2019il est consult\u00e9 ult\u00e9rieurement. Certains de ces cookies sont n\u00e9cessaires au bon fonctionnement du site, tandis que d\u2019autres sont utiles pour le visiteur car ils peuvent stocker en toute s\u00e9curit\u00e9 des informations telles que le nom d\u2019utilisateur ou les param\u00e8tres linguistiques. L\u2019avantage d\u2019avoir des cookies install\u00e9s sur votre ordinateur est que vous n\u2019avez plus besoin de saisir les m\u00eames informations \u00e0 chaque fois que vous voulez acc\u00e9der \u00e0 un site que vous avez d\u00e9j\u00e0 visit\u00e9.<\/p><p>Pourquoi notre site utilise-t-il des cookies ?<\/p><p>Notre site utilise des cookies pour offrir \u00e0 ses clients une exp\u00e9rience d\u2019achat adapt\u00e9e autant que possible \u00e0 leurs go\u00fbts et pr\u00e9f\u00e9rences. \u00c0 travers les cookies, nous faisons en sorte que lors de chaque visite sur le site, vous n\u2019ayez pas \u00e0 recevoir ou \u00e0 entrer les m\u00eames informations. Les cookies sont \u00e9galement utilis\u00e9s pour optimiser les performances du site web : ils facilitent le processus final d\u2019achat ainsi que la recherche rapide d\u2019\u00e9l\u00e9ments et de produits sp\u00e9cifiques sur le site. Afin de prot\u00e9ger vos donn\u00e9es personnelles contre toute perte \u00e9ventuelle et toute forme de traitement illicite, nous avons pris des mesures techniques et organisationnelles appropri\u00e9es. Pour plus d\u2019informations, veuillez consulter notre politique de confidentialit\u00e9.<\/p><p>Quels types de cookies utilisons-nous et dans quel but ?<\/p><p>Notre site utilise diff\u00e9rents types de cookies, chacun ayant une fonction sp\u00e9cifique.<\/p><p>Cookies de navigation<\/p><p>Ces cookies permettent au site de fonctionner correctement et vous permettent de voir le contenu dans votre langue et pour votre march\u00e9 d\u00e8s la premi\u00e8re connexion. Ils sont capables de reconna\u00eetre le pays \u00e0 partir duquel vous vous connectez et font en sorte qu\u2019\u00e0 chaque visite sur le site, vous soyez automatiquement redirig\u00e9 vers la version du site pour votre pays. Ils vous permettent \u00e9galement de cr\u00e9er un compte, de vous connecter et de g\u00e9rer vos commandes. Si vous \u00eates un utilisateur enregistr\u00e9, gr\u00e2ce aux cookies, le site pourra vous reconna\u00eetre en tant que tel lorsque vous acc\u00e9derez aux services offerts aux utilisateurs enregistr\u00e9s. Ces cookies vous reconna\u00eetront si vous effectuez des achats sur le site via un site affili\u00e9 ou un partenaire, afin de nous permettre de remplir nos obligations envers les sites partenaires. Ces cookies sont n\u00e9cessaires au bon fonctionnement du site.<\/p><p>Cookies fonctionnels<\/p><p>Ces cookies ne sont pas indispensables au fonctionnement du site, mais ils am\u00e9liorent la qualit\u00e9 et l\u2019exp\u00e9rience de navigation.<\/p><p>Cookies analytiques<\/p><p>Ces cookies sont utilis\u00e9s par des outils tels que Google Analytics pour effectuer des analyses statistiques sur les modes de navigation des utilisateurs sur le site via les ordinateurs ou les applications mobiles, le nombre de pages visit\u00e9es ou le nombre de clics effectu\u00e9s sur une page pendant la navigation sur un site. Nous traitons les r\u00e9sultats de ces analyses de mani\u00e8re anonyme et exclusivement \u00e0 des fins statistiques, uniquement si le fournisseur de services utilise des cookies en relation avec le navigateur install\u00e9 sur votre ordinateur ou sur d\u2019autres appareils utilis\u00e9s pour naviguer sur notre site.<\/p><p>Comment puis-je d\u00e9sactiver les cookies en configurant mon navigateur ?<\/p><p>Il est possible de modifier le navigateur pour d\u00e9sactiver les cookies via une proc\u00e9dure tr\u00e8s simple. Attention : en d\u00e9sactivant les cookies, le nom d\u2019utilisateur et le mot de passe ne seront plus stock\u00e9s dans la bo\u00eete de connexion du site. La plupart des navigateurs (Internet Explorer, Firefox, etc.) sont configur\u00e9s pour accepter les cookies. Cependant, la plupart des navigateurs permettent de contr\u00f4ler et m\u00eame de d\u00e9sactiver les cookies via les param\u00e8tres du navigateur. Cependant, veuillez noter que la d\u00e9sactivation des cookies de navigation ou des cookies fonctionnels peut entra\u00eener un dysfonctionnement du site et\/ou limiter le service que nous offrons.<\/p><p>Pour en savoir plus sur les cookies et comment g\u00e9rer ou d\u00e9sactiver les cookies tiers ou de marketing\/retargeting, vous pouvez visiter&nbsp;<a href=\"http:\/\/www.youronlinechoices.com\/\">www.youronlinechoices.com<\/a>. Pour d\u00e9sactiver les cookies analytiques et emp\u00eacher Google Analytics de collecter des donn\u00e9es sur votre navigation, vous pouvez t\u00e9l\u00e9charger le module compl\u00e9mentaire du navigateur pour la d\u00e9sactivation de Google Analytics : tools.google.com\/dlpage\/gaoptout.<\/p><p>Google Chrome :<\/p><ul class=\"wp-block-list\"><li>Ouvrez le navigateur Chrome<\/li>\n\n<li>Cliquez sur le menu des param\u00e8tres de Chrome dans la barre d\u2019outils du navigateur \u00e0 c\u00f4t\u00e9 de la fen\u00eatre d\u2019adresse pour la navigation<\/li>\n\n<li>S\u00e9lectionnez Param\u00e8tres<\/li>\n\n<li>Cliquez sur Afficher les param\u00e8tres avanc\u00e9s<\/li>\n\n<li>Dans la section \u201cConfidentialit\u00e9\u201d, cliquez sur le bouton \u201cParam\u00e8tres de contenu\u201d<\/li>\n\n<li>Dans la section \u201cCookies\u201d, vous pouvez modifier les param\u00e8tres suivants relatifs aux cookies :<ul class=\"wp-block-list\"><li>Autoriser le stockage des donn\u00e9es localement<\/li>\n\n<li>Modifier les donn\u00e9es locales uniquement jusqu\u2019\u00e0 la fermeture du navigateur<\/li>\n\n<li>Emp\u00eacher les sites de d\u00e9finir des cookies<\/li>\n\n<li>Bloquer les cookies tiers et les donn\u00e9es des sites<\/li>\n\n<li>G\u00e9rer les exceptions pour certains sites internet<\/li>\n\n<li>Supprimer un ou tous les cookies<\/li><\/ul><\/li><\/ul><p>Pour plus d\u2019informations, consultez la page d\u00e9di\u00e9e.<\/p><p>Mozilla Firefox :<\/p><ul class=\"wp-block-list\"><li>Ouvrez le navigateur Mozilla Firefox<\/li>\n\n<li>Cliquez sur le menu Firefox dans la barre d\u2019outils du navigateur \u00e0 c\u00f4t\u00e9 de la fen\u00eatre d\u2019adresse pour la navigation<\/li>\n\n<li>S\u00e9lectionnez Options<\/li>\n\n<li>S\u00e9lectionnez l\u2019onglet Vie priv\u00e9e<\/li>\n\n<li>Cliquez sur Afficher les param\u00e8tres avanc\u00e9s<\/li>\n\n<li>Dans la section \u201cConfidentialit\u00e9\u201d, cliquez sur le bouton \u201cParam\u00e8tres de contenu\u201d<\/li>\n\n<li>Dans la section \u201cSuivi\u201d, vous pouvez modifier les param\u00e8tres suivants relatifs aux cookies :<ul class=\"wp-block-list\"><li>Demander aux sites de ne pas effectuer de suivi<\/li>\n\n<li>Informer les sites de votre disponibilit\u00e9 \u00e0 \u00eatre suivi<\/li>\n\n<li>Ne pas communiquer de pr\u00e9f\u00e9rences concernant le suivi des donn\u00e9es personnelles<\/li><\/ul><\/li>\n\n<li>Dans la section \u201cHistorique\u201d, vous pouvez :<ul class=\"wp-block-list\"><li>En activant \u201cUtiliser des param\u00e8tres personnalis\u00e9s\u201d, s\u00e9lectionnez pour accepter les cookies tiers (toujours, des sites les plus visit\u00e9s ou jamais) et les conserver pour une p\u00e9riode d\u00e9termin\u00e9e (jusqu\u2019\u00e0 leur expiration, \u00e0 la fermeture de Firefox ou \u00e0 la demande \u00e0 chaque fois)<\/li>\n\n<li>Supprimer les cookies individuels stock\u00e9s<\/li><\/ul><\/li><\/ul><p>Pour plus d\u2019informations, consultez la page d\u00e9di\u00e9e.<\/p><p>Internet Explorer :<\/p><ul class=\"wp-block-list\"><li>Ouvrez le navigateur Internet Explorer<\/li>\n\n<li>Cliquez sur le bouton Outils et choisissez Options Internet<\/li>\n\n<li>Cliquez sur l\u2019onglet Confidentialit\u00e9 et dans la section Param\u00e8tres, modifiez le curseur en fonction de l\u2019action souhait\u00e9e pour les cookies :<ul class=\"wp-block-list\"><li>Bloquer tous les cookies<\/li>\n\n<li>Autoriser tous les cookies<\/li>\n\n<li>S\u00e9lection des sites \u00e0 partir desquels obtenir des cookies : d\u00e9placez le curseur vers une position interm\u00e9diaire pour ne pas bloquer ou autoriser tous les cookies, puis cliquez sur Sites, dans la case Adresse du site Web, entrez un site Web, puis cliquez sur Bloquer ou Autoriser<\/li><\/ul><\/li><\/ul><p>Pour plus d\u2019informations, consultez la page d\u00e9di\u00e9e.<\/p><p>Safari :<\/p><ul class=\"wp-block-list\"><li>Ouvrez le navigateur Safari<\/li>\n\n<li>Cliquez sur Safari, s\u00e9lectionnez Pr\u00e9f\u00e9rences, puis cliquez sur Confidentialit\u00e9<\/li>\n\n<li>Dans la section Bloquer les cookies, sp\u00e9cifiez comment Safari doit accepter les cookies des sites internet.<\/li>\n\n<li>Pour voir quels sites ont stock\u00e9 les cookies, cliquez sur D\u00e9tails<\/li><\/ul><p>Pour plus d\u2019informations, consultez la page d\u00e9di\u00e9e.<\/p><p>Safari iOS (appareils mobiles) :<\/p><p>Ouvrez le navigateur Safari iOS<\/p><p>Touchez Param\u00e8tres, puis Safari<\/p><p>Touchez Bloquer les cookies et choisissez parmi les diff\u00e9rentes options : \u201cJamais\u201d, \u201cDes tiers et des annonceurs\u201d ou \u201cToujours\u201d<\/p><p>Pour supprimer tous les cookies stock\u00e9s par Safari, appuyez sur Param\u00e8tres, puis sur Safari, et enfin sur Effacer les cookies et les donn\u00e9es.<\/p><p>Pour plus d\u2019informations, visitez la page d\u00e9di\u00e9e.<\/p><p>Opera :<\/p><p>\u2022 Ouvrez le navigateur Opera.<\/p><p>\u2022 Cliquez sur Pr\u00e9f\u00e9rences, puis sur Avanc\u00e9, et enfin sur Cookies.<\/p><p>\u2022 S\u00e9lectionnez l\u2019une des options suivantes :<\/p><p>\u2022 Accepter tous les cookies.<\/p><p>\u2022 Accepter les cookies uniquement du site visit\u00e9 : les cookies provenant de tiers et envoy\u00e9s depuis un domaine diff\u00e9rent de celui que vous visitez seront refus\u00e9s.<\/p><p>\u2022 Ne jamais accepter les cookies : tous les cookies ne seront jamais enregistr\u00e9s.<\/p><p>Pour plus d\u2019informations, visitez la page d\u00e9di\u00e9e.<\/p><p>OPTIONNALIT\u00c9 DE LA FOURNITURE DES DONN\u00c9ES<\/p><p>En dehors des donn\u00e9es de navigation sp\u00e9cifi\u00e9es, l\u2019utilisateur est libre de fournir les donn\u00e9es personnelles indiqu\u00e9es dans les formulaires de demande du site ou dans tout autre contact avec le bureau pour demander l\u2019envoi de mat\u00e9riel informatif ou d\u2019autres communications.<\/p><p>Leur non-fourniture peut entra\u00eener l\u2019impossibilit\u00e9 d\u2019obtenir ce qui est demand\u00e9.<\/p><p>Il convient de rappeler que dans certains cas (qui ne rel\u00e8vent pas de la gestion courante de ce site), l\u2019Autorit\u00e9 peut demander des informations en vertu de l\u2019article 157 du d\u00e9cret l\u00e9gislatif n\u00b0 196\/2003 et du R\u00e8glement UE n\u00b0 2016\/679 (GDPR), aux fins du contr\u00f4le du traitement des donn\u00e9es personnelles. Dans ces cas, la r\u00e9ponse est obligatoire sous peine de sanction administrative.<\/p><p>MODE DE TRAITEMENT<\/p><p>Les donn\u00e9es personnelles sont trait\u00e9es \u00e0 l\u2019aide de moyens automatis\u00e9s pendant le temps strictement n\u00e9cessaire pour atteindre les finalit\u00e9s pour lesquelles elles ont \u00e9t\u00e9 collect\u00e9es.<\/p><p>Des mesures de s\u00e9curit\u00e9 sp\u00e9cifiques sont observ\u00e9es pour \u00e9viter la perte de donn\u00e9es, les utilisations illicites ou incorrectes et les acc\u00e8s non autoris\u00e9s.<\/p><p>DROITS DES PERSONNES CONCERN\u00c9ES<\/p><p>Les personnes auxquelles se r\u00e9f\u00e8rent les donn\u00e9es personnelles sont prot\u00e9g\u00e9es par les dispositions du d\u00e9cret l\u00e9gislatif n\u00b0 196\/2003 et du R\u00e8glement UE n\u00b0 2016\/679 (GDPR) dans leurs droits \u00e0 la confidentialit\u00e9, l\u2019exactitude, l\u2019exhaustivit\u00e9, l\u2019information sur les traitements effectu\u00e9s et l\u2019acc\u00e8s. Elles ont donc le droit, \u00e0 tout moment, de confirmer l\u2019existence ou non de ces donn\u00e9es et d\u2019en conna\u00eetre le contenu et l\u2019origine, d\u2019en v\u00e9rifier l\u2019exactitude ou d\u2019en demander l\u2019int\u00e9gration ou la mise \u00e0 jour, ou encore la rectification (article 7 du d\u00e9cret l\u00e9gislatif n\u00b0 196\/2003 et article 15 du GDPR).<\/p><p>Conform\u00e9ment au m\u00eame article, elles ont le droit de demander la suppression, la transformation en forme anonyme ou le blocage des donn\u00e9es trait\u00e9es en violation de la loi, ainsi que de s\u2019opposer en tout cas, pour des motifs l\u00e9gitimes, \u00e0 leur traitement.<\/p><p>Les demandes doivent \u00eatre adress\u00e9es \u00e0 Plaque Calage, dont le si\u00e8ge est situ\u00e9 136, Route d\u2019Heyrieux \u2013 69780 \u2013 Myons \u2013 France \u2013 FR20978974863 \u2013 Email :\u00a0<a href=\"mailto:info@politecnici.com\">info@plaque-calage.fr<\/a>\u00a0\u2013 T\u00e9l. : <a href=\"tel:04.81.91.17.40\">04.81.91.17.40<\/a><\/p><p>Cette page est accessible, par le biais d\u2019un lien en bas de toutes les pages du site, en vertu de l\u2019article 122, paragraphe 2, du d\u00e9cret l\u00e9gislatif n\u00b0 196\/2003 et du R\u00e8glement UE n\u00b0 2016\/679 (GDPR), et suite aux modalit\u00e9s simplifi\u00e9es pour l\u2019information et l\u2019acquisition du consentement \u00e0 l\u2019utilisation des cookies publi\u00e9es dans la Gazzetta Ufficiale n\u00b0126 du 3 juin 2014 et son registre des mesures n\u00b0229 du 8 mai.<\/p><p><\/p>","protected":false},"excerpt":{"rendered":"<p>Dans cette page, les modalit\u00e9s de gestion du site en ce qui concerne le traitement des donn\u00e9es personnelles des utilisateurs qui le consultent sont d\u00e9crites. Il s\u2019agit d\u2019une information qui est \u00e9galement fournie en vertu de l\u2019article 13 du d\u00e9cret l\u00e9gislatif italien n\u00b0 196\/2003 \u2013 Code relatif \u00e0 la protection des donn\u00e9es personnelles, et de [&hellip;]<\/p>","protected":false},"author":1,"featured_media":0,"parent":0,"menu_order":0,"comment_status":"closed","ping_status":"open","template":"","meta":{"footnotes":""},"class_list":["post-3","page","type-page","status-publish","hentry"],"_links":{"self":[{"href":"https:\/\/www.plaque-calage.fr\/fr\/wp-json\/wp\/v2\/pages\/3","targetHints":{"allow":["GET"]}}],"collection":[{"href":"https:\/\/www.plaque-calage.fr\/fr\/wp-json\/wp\/v2\/pages"}],"about":[{"href":"https:\/\/www.plaque-calage.fr\/fr\/wp-json\/wp\/v2\/types\/page"}],"author":[{"embeddable":true,"href":"https:\/\/www.plaque-calage.fr\/fr\/wp-json\/wp\/v2\/users\/1"}],"replies":[{"embeddable":true,"href":"https:\/\/www.plaque-calage.fr\/fr\/wp-json\/wp\/v2\/comments?post=3"}],"version-history":[{"count":2,"href":"https:\/\/www.plaque-calage.fr\/fr\/wp-json\/wp\/v2\/pages\/3\/revisions"}],"predecessor-version":[{"id":4483,"href":"https:\/\/www.plaque-calage.fr\/fr\/wp-json\/wp\/v2\/pages\/3\/revisions\/4483"}],"wp:attachment":[{"href":"https:\/\/www.plaque-calage.fr\/fr\/wp-json\/wp\/v2\/media?parent=3"}],"curies":[{"name":"wp","href":"https:\/\/api.w.org\/{rel}","templated":true}]}}